{"id":125013,"date":"2024-08-29T18:36:13","date_gmt":"2024-08-29T16:36:13","guid":{"rendered":"https:\/\/alpine-world.com\/shop\/prodotto\/arcteryx-proton-hoody-w-2\/"},"modified":"2026-04-04T06:11:04","modified_gmt":"2026-04-04T04:11:04","slug":"arcteryx-proton-hoody-w-2","status":"publish","type":"product","link":"https:\/\/alpine-world.com\/shop\/fr\/produit\/arcteryx-proton-hoody-w-2\/","title":{"rendered":"Arc'teryx Proton Hoody W"},"content":{"rendered":"<p>Chaude et respirante, la veste \u00e0 capuche Proton est id\u00e9ale pour l\u2019escalade et les activit\u00e9s dynamiques en montagne par temps froid. L\u2019isolation Coreloft\u2122 Compact 100 % recycl\u00e9e, l\u00e9g\u00e8re et compressible, reste performante m\u00eame mouill\u00e9e. La mati\u00e8re ext\u00e9rieure en softshell Fortius Air 20 est durable et perm\u00e9able \u00e0 l\u2019air. Ensemble, les mati\u00e8res respirantes facilitent la circulation de l\u2019air afin d\u2019\u00e9vacuer la vapeur et de r\u00e9guler la temp\u00e9rature. La capuche StormHood isolante apporte davantage de protection et la coupe pr\u00e9form\u00e9e accompagne vos mouvements.<\/p>\n<p>&nbsp;<\/p>\n","protected":false},"excerpt":{"rendered":"<p>Chaude et respirante, la veste \u00e0 capuche Proton est id\u00e9ale pour l\u2019escalade et les activit\u00e9s dynamiques en montagne par temps froid. L\u2019isolation Coreloft\u2122 Compact 100 % recycl\u00e9e, l\u00e9g\u00e8re et compressible, reste performante m\u00eame mouill\u00e9e. La mati\u00e8re ext\u00e9rieure en softshell Fortius Air 20 est durable et perm\u00e9able \u00e0 l\u2019air. Ensemble, les mati\u00e8res respirantes facilitent la circulation [&hellip;]<\/p>\n","protected":false},"featured_media":135556,"template":"","meta":{"_acf_changed":false,"_seopress_robots_primary_cat":"","_seopress_titles_title":"","_seopress_titles_desc":"","_seopress_robots_index":"","ep_exclude_from_search":false},"product_brand":[],"product_cat":[1041,1040,1029,1042,1044,924,1988,2020,1026],"product_tag":[2983,2997,2985,2988,2998],"class_list":{"0":"post-125013","1":"product","2":"type-product","3":"status-publish","4":"has-post-thumbnail","6":"product_cat-alpinisme","7":"product_cat-cascade-de-glace","8":"product_cat-freeride-fr","9":"product_cat-ski-alpinisme","10":"product_cat-randonnee","11":"product_cat-vetements","12":"product_cat-femme","13":"product_cat-vestes-et-gilets-femme","14":"product_cat-soldes","15":"product_tag-alpinisme","16":"product_tag-cascade-de-glace","17":"product_tag-freeride-fr","18":"product_tag-randonnee","19":"product_tag-ski-alpinisme","20":"pa_caratteristiche-vestes-chaudes","21":"pa_colore-dynasty-fr","22":"pa_materiale-isolation-synthetique","23":"pa_taglia-xs-fr","24":"pa_taglia-s-fr","25":"pa_taglia-m-fr","26":"yith_product_brand-arcteryx-fr","28":"first","29":"outofstock","30":"taxable","31":"shipping-taxable","32":"product-type-variable"},"acf":[],"_links":{"self":[{"href":"https:\/\/alpine-world.com\/shop\/fr\/wp-json\/wp\/v2\/product\/125013","targetHints":{"allow":["GET"]}}],"collection":[{"href":"https:\/\/alpine-world.com\/shop\/fr\/wp-json\/wp\/v2\/product"}],"about":[{"href":"https:\/\/alpine-world.com\/shop\/fr\/wp-json\/wp\/v2\/types\/product"}],"wp:featuredmedia":[{"embeddable":true,"href":"https:\/\/alpine-world.com\/shop\/fr\/wp-json\/wp\/v2\/media\/135556"}],"wp:attachment":[{"href":"https:\/\/alpine-world.com\/shop\/fr\/wp-json\/wp\/v2\/media?parent=125013"}],"wp:term":[{"taxonomy":"product_brand","embeddable":true,"href":"https:\/\/alpine-world.com\/shop\/fr\/wp-json\/wp\/v2\/product_brand?post=125013"},{"taxonomy":"product_cat","embeddable":true,"href":"https:\/\/alpine-world.com\/shop\/fr\/wp-json\/wp\/v2\/product_cat?post=125013"},{"taxonomy":"product_tag","embeddable":true,"href":"https:\/\/alpine-world.com\/shop\/fr\/wp-json\/wp\/v2\/product_tag?post=125013"}],"curies":[{"name":"wp","href":"https:\/\/api.w.org\/{rel}","templated":true}]}}