{"id":125009,"date":"2024-08-24T17:00:00","date_gmt":"2024-08-24T15:00:00","guid":{"rendered":"https:\/\/alpine-world.com\/shop\/prodotto\/arcteryx-cormac-crew-neck-shirt-ls\/"},"modified":"2026-05-08T06:11:02","modified_gmt":"2026-05-08T04:11:02","slug":"arcteryx-cormac-crew-neck-shirt-ls","status":"publish","type":"product","link":"https:\/\/alpine-world.com\/shop\/fr\/produit\/arcteryx-cormac-crew-neck-shirt-ls\/","title":{"rendered":"Arc'teryx Cormac Crew Neck Shirt LS"},"content":{"rendered":"<p>Inspir\u00e9 par le running et perfectionn\u00e9 pour r\u00e9pondre aux exigences de la plupart des activit\u00e9s intenses en montagne, le Cormac privil\u00e9gie la performance, la protection solaire et le confort. Sa mati\u00e8re respirante Phasic\u00a0LT 100\u00a0% recycl\u00e9e \u00e9vacue l\u2019humidit\u00e9, assure une protection anti-UV UPF\u00a040+ et b\u00e9n\u00e9ficie d\u2019un traitement anti-odeurs. La coupe accompagne les mouvements et favorise la ventilation, le col \u00e9pur\u00e9 reste confortable sous d\u2019autres v\u00eatements et les coutures sont pens\u00e9es pour r\u00e9duire les frottements.<\/p>\n","protected":false},"excerpt":{"rendered":"<p>Inspir\u00e9 par le running et perfectionn\u00e9 pour r\u00e9pondre aux exigences de la plupart des activit\u00e9s intenses en montagne, le Cormac privil\u00e9gie la performance, la protection solaire et le confort. Sa mati\u00e8re respirante Phasic\u00a0LT 100\u00a0% recycl\u00e9e \u00e9vacue l\u2019humidit\u00e9, assure une protection anti-UV UPF\u00a040+ et b\u00e9n\u00e9ficie d\u2019un traitement anti-odeurs. La coupe accompagne les mouvements et favorise la [&hellip;]<\/p>\n","protected":false},"featured_media":124439,"template":"","meta":{"_acf_changed":false,"_seopress_robots_primary_cat":"","_seopress_titles_title":"","_seopress_titles_desc":"","_seopress_robots_index":"","ep_exclude_from_search":false},"product_brand":[],"product_cat":[1041,1986,1044,2004,1043,924],"product_tag":[2983,2988,2987],"class_list":{"0":"post-125009","1":"product","2":"type-product","3":"status-publish","4":"has-post-thumbnail","6":"product_cat-alpinisme","7":"product_cat-homme-vetements","8":"product_cat-randonnee","9":"product_cat-t-shirt-homme","10":"product_cat-trail-running-fr","11":"product_cat-vetements","12":"product_tag-alpinisme","13":"product_tag-randonnee","14":"product_tag-trail-running-fr","15":"pa_colore-stratus-fr","16":"pa_taglia-l-fr","17":"pa_taglia-m-fr","18":"pa_taglia-s-fr","19":"yith_product_brand-arcteryx-fr","21":"first","22":"outofstock","23":"taxable","24":"shipping-taxable","25":"product-type-variable"},"acf":[],"_links":{"self":[{"href":"https:\/\/alpine-world.com\/shop\/fr\/wp-json\/wp\/v2\/product\/125009","targetHints":{"allow":["GET"]}}],"collection":[{"href":"https:\/\/alpine-world.com\/shop\/fr\/wp-json\/wp\/v2\/product"}],"about":[{"href":"https:\/\/alpine-world.com\/shop\/fr\/wp-json\/wp\/v2\/types\/product"}],"wp:featuredmedia":[{"embeddable":true,"href":"https:\/\/alpine-world.com\/shop\/fr\/wp-json\/wp\/v2\/media\/124439"}],"wp:attachment":[{"href":"https:\/\/alpine-world.com\/shop\/fr\/wp-json\/wp\/v2\/media?parent=125009"}],"wp:term":[{"taxonomy":"product_brand","embeddable":true,"href":"https:\/\/alpine-world.com\/shop\/fr\/wp-json\/wp\/v2\/product_brand?post=125009"},{"taxonomy":"product_cat","embeddable":true,"href":"https:\/\/alpine-world.com\/shop\/fr\/wp-json\/wp\/v2\/product_cat?post=125009"},{"taxonomy":"product_tag","embeddable":true,"href":"https:\/\/alpine-world.com\/shop\/fr\/wp-json\/wp\/v2\/product_tag?post=125009"}],"curies":[{"name":"wp","href":"https:\/\/api.w.org\/{rel}","templated":true}]}}