{"id":123537,"date":"2024-06-11T17:24:44","date_gmt":"2024-06-11T15:24:44","guid":{"rendered":"https:\/\/alpine-world.com\/shop\/prodotto\/arcteryx-ionia-merino-wool-logo-shirt-ss\/"},"modified":"2026-04-03T06:11:03","modified_gmt":"2026-04-03T04:11:03","slug":"arcteryx-ionia-merino-wool-logo-shirt-ss","status":"publish","type":"product","link":"https:\/\/alpine-world.com\/shop\/fr\/produit\/arcteryx-ionia-merino-wool-logo-shirt-ss\/","title":{"rendered":"Arc'teryx Ionia Merino Wool Logo Shirt SS"},"content":{"rendered":"<p>La performance au naturel. Notre t-shirt \u00e0 logo Ionia est compos\u00e9 de laine m\u00e9rinos \u2013 une mati\u00e8re r\u00e9put\u00e9e pour ses propri\u00e9t\u00e9s de r\u00e9gulation de la temp\u00e9rature et des odeurs \u2013 douce, l\u00e9g\u00e8re, respirante et issue de fili\u00e8res responsables. Pour une durabilit\u00e9 accrue, les fines fibres de laine sont associ\u00e9es \u00e0 un noyau en nylon. La coupe pr\u00e9form\u00e9e, \u00e9pur\u00e9e et confortable, accompagne vos mouvements lors de vos randonn\u00e9es \u00e0 pied ou \u00e0 skis, vos treks ou vos sorties running.<\/p>\n","protected":false},"excerpt":{"rendered":"<p>La performance au naturel. Notre t-shirt \u00e0 logo Ionia est compos\u00e9 de laine m\u00e9rinos \u2013 une mati\u00e8re r\u00e9put\u00e9e pour ses propri\u00e9t\u00e9s de r\u00e9gulation de la temp\u00e9rature et des odeurs \u2013 douce, l\u00e9g\u00e8re, respirante et issue de fili\u00e8res responsables. Pour une durabilit\u00e9 accrue, les fines fibres de laine sont associ\u00e9es \u00e0 un noyau en nylon. La [&hellip;]<\/p>\n","protected":false},"featured_media":122846,"template":"","meta":{"_acf_changed":false,"_seopress_robots_primary_cat":"","_seopress_titles_title":"","_seopress_titles_desc":"","_seopress_robots_index":"","ep_exclude_from_search":false},"product_brand":[],"product_cat":[1041,1028,1042,1039,1044,924,1986,2004],"product_tag":[2983,2984,2988,2998,2986],"class_list":{"0":"post-123537","1":"product","2":"type-product","3":"status-publish","4":"has-post-thumbnail","6":"product_cat-alpinisme","7":"product_cat-escalade","8":"product_cat-ski-alpinisme","9":"product_cat-free-time-fr","10":"product_cat-randonnee","11":"product_cat-vetements","12":"product_cat-homme-vetements","13":"product_cat-t-shirt-homme","14":"product_tag-alpinisme","15":"product_tag-escalade","16":"product_tag-randonnee","17":"product_tag-ski-alpinisme","18":"product_tag-temps-libre","19":"pa_colore-gris","20":"pa_colore-marron-fr","21":"pa_colore-noir","22":"pa_colore-soulsonic-fr","23":"pa_taglia-s-fr","24":"pa_taglia-m-fr","25":"pa_taglia-l-fr","26":"yith_product_brand-arcteryx-fr","28":"first","29":"outofstock","30":"taxable","31":"shipping-taxable","32":"product-type-variable"},"acf":[],"_links":{"self":[{"href":"https:\/\/alpine-world.com\/shop\/fr\/wp-json\/wp\/v2\/product\/123537","targetHints":{"allow":["GET"]}}],"collection":[{"href":"https:\/\/alpine-world.com\/shop\/fr\/wp-json\/wp\/v2\/product"}],"about":[{"href":"https:\/\/alpine-world.com\/shop\/fr\/wp-json\/wp\/v2\/types\/product"}],"wp:featuredmedia":[{"embeddable":true,"href":"https:\/\/alpine-world.com\/shop\/fr\/wp-json\/wp\/v2\/media\/122846"}],"wp:attachment":[{"href":"https:\/\/alpine-world.com\/shop\/fr\/wp-json\/wp\/v2\/media?parent=123537"}],"wp:term":[{"taxonomy":"product_brand","embeddable":true,"href":"https:\/\/alpine-world.com\/shop\/fr\/wp-json\/wp\/v2\/product_brand?post=123537"},{"taxonomy":"product_cat","embeddable":true,"href":"https:\/\/alpine-world.com\/shop\/fr\/wp-json\/wp\/v2\/product_cat?post=123537"},{"taxonomy":"product_tag","embeddable":true,"href":"https:\/\/alpine-world.com\/shop\/fr\/wp-json\/wp\/v2\/product_tag?post=123537"}],"curies":[{"name":"wp","href":"https:\/\/api.w.org\/{rel}","templated":true}]}}