{"id":119423,"date":"2024-03-06T19:05:04","date_gmt":"2024-03-06T18:05:04","guid":{"rendered":"https:\/\/alpine-world.com\/shop\/prodotto\/climbing-technology-plate-rings-10\/"},"modified":"2024-03-06T19:05:04","modified_gmt":"2024-03-06T18:05:04","slug":"climbing-technology-plate-rings-10","status":"publish","type":"product","link":"https:\/\/alpine-world.com\/shop\/fr\/produit\/climbing-technology-plate-rings-10\/","title":{"rendered":"Climbing Technology Plate Rings 10"},"content":{"rendered":"<div class=\"box-images\">\n<div class=\"box-description-more text-content\">\n<div class=\"description-text\">Plaquette d\u2019ancrage multidirectionnelle en acier inoxydable AISI 316L.<\/div>\n<\/div>\n<\/div>\n<div class=\"text-content\">\n<div class=\"description-text\">\n<p>Caract\u00e9ristiques principales :<\/p>\n<ul>\n<li>trou de \u00d8 10 mm ;<\/li>\n<li>dot\u00e9e de deux anneaux de diam\u00e8tre interne de 40 mm ;<\/li>\n<li>utilis\u00e9es par deux, elles sont id\u00e9ales pour les relais de rappel.<\/li>\n<\/ul>\n<\/div>\n<\/div>\n","protected":false},"excerpt":{"rendered":"<p>Plaquette d\u2019ancrage multidirectionnelle en acier inoxydable AISI 316L. Caract\u00e9ristiques principales : trou de \u00d8 10 mm ; dot\u00e9e de deux anneaux de diam\u00e8tre interne de 40 mm ; utilis\u00e9es par deux, elles sont id\u00e9ales pour les relais de rappel.<\/p>\n","protected":false},"featured_media":119290,"template":"","meta":{"_acf_changed":false,"_seopress_robots_primary_cat":"","_seopress_titles_title":"","_seopress_titles_desc":"","_seopress_robots_index":"","ep_exclude_from_search":false},"product_brand":[],"product_cat":[1028,962,2011],"product_tag":[2984],"class_list":{"0":"post-119423","1":"product","2":"type-product","3":"status-publish","4":"has-post-thumbnail","6":"product_cat-escalade","7":"product_cat-materiel","8":"product_cat-pitons-fr","9":"product_tag-escalade","10":"yith_product_brand-climbing-technology-fr","12":"first","13":"outofstock","14":"sale","15":"taxable","16":"shipping-taxable","17":"purchasable","18":"product-type-simple"},"acf":[],"_links":{"self":[{"href":"https:\/\/alpine-world.com\/shop\/fr\/wp-json\/wp\/v2\/product\/119423","targetHints":{"allow":["GET"]}}],"collection":[{"href":"https:\/\/alpine-world.com\/shop\/fr\/wp-json\/wp\/v2\/product"}],"about":[{"href":"https:\/\/alpine-world.com\/shop\/fr\/wp-json\/wp\/v2\/types\/product"}],"wp:featuredmedia":[{"embeddable":true,"href":"https:\/\/alpine-world.com\/shop\/fr\/wp-json\/wp\/v2\/media\/119290"}],"wp:attachment":[{"href":"https:\/\/alpine-world.com\/shop\/fr\/wp-json\/wp\/v2\/media?parent=119423"}],"wp:term":[{"taxonomy":"product_brand","embeddable":true,"href":"https:\/\/alpine-world.com\/shop\/fr\/wp-json\/wp\/v2\/product_brand?post=119423"},{"taxonomy":"product_cat","embeddable":true,"href":"https:\/\/alpine-world.com\/shop\/fr\/wp-json\/wp\/v2\/product_cat?post=119423"},{"taxonomy":"product_tag","embeddable":true,"href":"https:\/\/alpine-world.com\/shop\/fr\/wp-json\/wp\/v2\/product_tag?post=119423"}],"curies":[{"name":"wp","href":"https:\/\/api.w.org\/{rel}","templated":true}]}}