{"id":118818,"date":"2023-11-14T18:44:20","date_gmt":"2023-11-14T17:44:20","guid":{"rendered":"https:\/\/alpine-world.com\/shop\/prodotto\/marker-confidant-tour\/"},"modified":"2026-04-05T06:11:09","modified_gmt":"2026-04-05T04:11:09","slug":"marker-confidant-tour","status":"publish","type":"product","link":"https:\/\/alpine-world.com\/shop\/fr\/produit\/marker-confidant-tour\/","title":{"rendered":"Marker Confidant Tour"},"content":{"rendered":"<p>Disponible en trois coloris, le Confidant Tour r\u00e9pond \u00e0 toutes les exigences d\u2019un casque de randonn\u00e9e. Il se range de mani\u00e8re compacte dans le sac \u00e0 dos et convainc par sa forme adapt\u00e9e et son confort exceptionnel. Gr\u00e2ce \u00e0 la combinaison d\u2019un ajustement \u00e0 360\u00b0 et d\u2019un r\u00e9glage vertical, le casque peut \u00eatre adapt\u00e9 \u00e0 diff\u00e9rentes formes de t\u00eate. Les protections d'oreilles SoGnar sont amovibles, la doublure int\u00e9rieure est l\u00e9g\u00e8re, largement ajustable et s\u00e8che tr\u00e8s rapidement. Les clips pour les lunettes permettent non seulement un positionnement individuel des lunettes, mais offrent \u00e9galement la possibilit\u00e9 de fixer une lampe frontale qui ne g\u00eane pas non plus le masque de ski. Une caract\u00e9ristique id\u00e9ale si la remont\u00e9e d\u00e9marre avant le lever du soleil.<\/p>\n<p>Il convient de souligner que le Confidant Tour pr\u00e9sente la particularit\u00e9 d'\u00eatre certifi\u00e9 \u00e0 la fois comme casque de ski et comme casque de v\u00e9lo. Il peut donc \u00eatre utilis\u00e9 tout au long de l\u2019ann\u00e9e.<\/p>\n","protected":false},"excerpt":{"rendered":"<p>Disponible en trois coloris, le Confidant Tour r\u00e9pond \u00e0 toutes les exigences d\u2019un casque de randonn\u00e9e. Il se range de mani\u00e8re compacte dans le sac \u00e0 dos et convainc par sa forme adapt\u00e9e et son confort exceptionnel. Gr\u00e2ce \u00e0 la combinaison d\u2019un ajustement \u00e0 360\u00b0 et d\u2019un r\u00e9glage vertical, le casque peut \u00eatre adapt\u00e9 \u00e0 [&hellip;]<\/p>\n","protected":false},"featured_media":117012,"template":"","meta":{"_acf_changed":false,"_seopress_robots_primary_cat":"","_seopress_titles_title":"","_seopress_titles_desc":"","_seopress_robots_index":"","ep_exclude_from_search":false},"product_brand":[],"product_cat":[1042,962,1968,1026],"product_tag":[2998],"class_list":{"0":"post-118818","1":"product","2":"type-product","3":"status-publish","4":"has-post-thumbnail","6":"product_cat-ski-alpinisme","7":"product_cat-materiel","8":"product_cat-casques-materiel","9":"product_cat-soldes","10":"product_tag-ski-alpinisme","11":"pa_colore-blanc","12":"pa_colore-bleu","13":"pa_genere-femme","14":"pa_genere-homme","15":"pa_genere-unisex-fr","16":"pa_taglia-s-fr","17":"pa_taglia-m-fr","18":"pa_taglia-l-fr","19":"yith_product_brand-marker-fr","21":"first","22":"instock","23":"sale","24":"taxable","25":"shipping-taxable","26":"purchasable","27":"product-type-variable"},"acf":[],"_links":{"self":[{"href":"https:\/\/alpine-world.com\/shop\/fr\/wp-json\/wp\/v2\/product\/118818","targetHints":{"allow":["GET"]}}],"collection":[{"href":"https:\/\/alpine-world.com\/shop\/fr\/wp-json\/wp\/v2\/product"}],"about":[{"href":"https:\/\/alpine-world.com\/shop\/fr\/wp-json\/wp\/v2\/types\/product"}],"wp:featuredmedia":[{"embeddable":true,"href":"https:\/\/alpine-world.com\/shop\/fr\/wp-json\/wp\/v2\/media\/117012"}],"wp:attachment":[{"href":"https:\/\/alpine-world.com\/shop\/fr\/wp-json\/wp\/v2\/media?parent=118818"}],"wp:term":[{"taxonomy":"product_brand","embeddable":true,"href":"https:\/\/alpine-world.com\/shop\/fr\/wp-json\/wp\/v2\/product_brand?post=118818"},{"taxonomy":"product_cat","embeddable":true,"href":"https:\/\/alpine-world.com\/shop\/fr\/wp-json\/wp\/v2\/product_cat?post=118818"},{"taxonomy":"product_tag","embeddable":true,"href":"https:\/\/alpine-world.com\/shop\/fr\/wp-json\/wp\/v2\/product_tag?post=118818"}],"curies":[{"name":"wp","href":"https:\/\/api.w.org\/{rel}","templated":true}]}}