{"id":118703,"date":"2024-01-24T15:46:56","date_gmt":"2024-01-24T14:46:56","guid":{"rendered":"https:\/\/alpine-world.com\/shop\/prodotto\/arcteryx-skaha-harness\/"},"modified":"2026-04-04T06:11:08","modified_gmt":"2026-04-04T04:11:08","slug":"arcteryx-skaha-harness","status":"publish","type":"product","link":"https:\/\/alpine-world.com\/shop\/fr\/produit\/arcteryx-skaha-harness\/","title":{"rendered":"Arc'teryx Skaha Harness"},"content":{"rendered":"<p>Notre baudrier le plus performant pour les voies d\u2019une ou plusieurs longueurs. Souple et robuste, la ceinture confortable est compos\u00e9e d\u2019un monomesh en nid d\u2019abeille 150D, associ\u00e9 \u00e0 une doublure en Spacermesh pour une respirabilit\u00e9 exceptionnelle. Notre technologie Warp Strength\u2122 (WST) r\u00e9partit la pression et apporte de la souplesse pour faciliter les mouvements. Les tours de cuisse fixes peuvent \u00eatre remplac\u00e9s afin d\u2019allonger la dur\u00e9e de vie du Skaha. Alliant souplesse et libert\u00e9 de mouvement, ils restent confortables quand vous \u00eates assis dans le baudrier.<\/p>\n","protected":false},"excerpt":{"rendered":"<p>Notre baudrier le plus performant pour les voies d\u2019une ou plusieurs longueurs. Souple et robuste, la ceinture confortable est compos\u00e9e d\u2019un monomesh en nid d\u2019abeille 150D, associ\u00e9 \u00e0 une doublure en Spacermesh pour une respirabilit\u00e9 exceptionnelle. Notre technologie Warp Strength\u2122 (WST) r\u00e9partit la pression et apporte de la souplesse pour faciliter les mouvements. Les tours [&hellip;]<\/p>\n","protected":false},"featured_media":118598,"template":"","meta":{"_acf_changed":false,"_seopress_robots_primary_cat":"","_seopress_titles_title":"","_seopress_titles_desc":"","_seopress_robots_index":"","ep_exclude_from_search":false},"product_brand":[],"product_cat":[1028,1045,962,985],"product_tag":[2984,2989],"class_list":{"0":"post-118703","1":"product","2":"type-product","3":"status-publish","4":"has-post-thumbnail","6":"product_cat-escalade","7":"product_cat-via-ferrata-fr","8":"product_cat-materiel","9":"product_cat-harnais","10":"product_tag-escalade","11":"product_tag-via-ferrata-fr","12":"pa_colore-jaune","13":"pa_genere-homme","14":"pa_genere-unisex-fr","15":"pa_taglia-m-fr","16":"pa_taglia-l-fr","17":"yith_product_brand-arcteryx-fr","19":"first","20":"instock","21":"sale","22":"taxable","23":"shipping-taxable","24":"purchasable","25":"product-type-variable"},"acf":[],"_links":{"self":[{"href":"https:\/\/alpine-world.com\/shop\/fr\/wp-json\/wp\/v2\/product\/118703","targetHints":{"allow":["GET"]}}],"collection":[{"href":"https:\/\/alpine-world.com\/shop\/fr\/wp-json\/wp\/v2\/product"}],"about":[{"href":"https:\/\/alpine-world.com\/shop\/fr\/wp-json\/wp\/v2\/types\/product"}],"wp:featuredmedia":[{"embeddable":true,"href":"https:\/\/alpine-world.com\/shop\/fr\/wp-json\/wp\/v2\/media\/118598"}],"wp:attachment":[{"href":"https:\/\/alpine-world.com\/shop\/fr\/wp-json\/wp\/v2\/media?parent=118703"}],"wp:term":[{"taxonomy":"product_brand","embeddable":true,"href":"https:\/\/alpine-world.com\/shop\/fr\/wp-json\/wp\/v2\/product_brand?post=118703"},{"taxonomy":"product_cat","embeddable":true,"href":"https:\/\/alpine-world.com\/shop\/fr\/wp-json\/wp\/v2\/product_cat?post=118703"},{"taxonomy":"product_tag","embeddable":true,"href":"https:\/\/alpine-world.com\/shop\/fr\/wp-json\/wp\/v2\/product_tag?post=118703"}],"curies":[{"name":"wp","href":"https:\/\/api.w.org\/{rel}","templated":true}]}}