{"id":118406,"date":"2023-10-12T19:04:56","date_gmt":"2023-10-12T17:04:56","guid":{"rendered":"https:\/\/alpine-world.com\/shop\/prodotto\/camp-g-comp-warm-2\/"},"modified":"2026-04-04T06:11:11","modified_gmt":"2026-04-04T04:11:11","slug":"camp-g-comp-warm-2","status":"publish","type":"product","link":"https:\/\/alpine-world.com\/shop\/fr\/produit\/camp-g-comp-warm-2\/","title":{"rendered":"Camp G Comp Warm"},"content":{"rendered":"<p>Gant l\u00e9ger et enveloppant avec une surmouffle chaude pour le ski-alpinisme (notamment pour les comp\u00e9titions). La paume est renforc\u00e9e dans la zone de contact avec la poign\u00e9e du b\u00e2ton pour plus de durabilit\u00e9, tandis que les impressions en silicone Grip'R assurent une adh\u00e9rence optimale.\u00a0La surmoufle chaude et le coupe-vent Warmit'N int\u00e9gr\u00e9, rapidement d\u00e9pliable de la pochette sur le dos, rendent le produit\u00a0parfait pour les d\u00e9parts avant l\u2019aube et pour les sommets lorsque le vent souffle, lorsque les doigts ont besoin de protection. La surmoufle est\u00a0r\u00e9alis\u00e9e\u00a0en nylon ripstop coupe-vent avec rembourrage\u00a0en PrimaLoft\u00ae Gold 60 g\/m\u00b2 et\u00a0l'insert \u00e9lastiqu\u00e9 garantit \u00e9galement un excellent ajustement. La coupe du Warmit'N\u00a0laisse la paume partiellement\u00a0d\u00e9couverte pour\u00a0ne pas compromettre l'excellente adh\u00e9rence sur le b\u00e2ton ou le piolet.<\/p>\n<ul>\n<li>Gant souple et respirant\u00a0en robuste tissu \u00e9lastique<\/li>\n<li>Surmouffle chaude et coupe-vent Warmit\u2019n garnie de rembourrage thermique PrimaLoft\u00ae Gold 60 g\/m\u00b2, r\u00e9tractable dans la partie sup\u00e9rieure du poignet\u00a0et avec insert \u00e9lastique pour faciliter l'ajustement<\/li>\n<li>Paume renforc\u00e9e dans la zone de contact avec la pouign\u00e9e du b\u00e2ton<\/li>\n<li>Impressions silicone Grip'R sur la paume pour une prise s\u00fbre<\/li>\n<li>Doigts avec construction \u00ab Box Finger \u00bb, sans coutures sur le bout des doigts pour une sensibilit\u00e9 et une adh\u00e9rence exceptionnelles sur les outils<\/li>\n<li>Empi\u00e8cement \u00e9ponge sur le pouce pour la sueur<\/li>\n<li>Pouce et index pour \u00e9cran tactile<\/li>\n<li>Poignet extensible\u00a0avec dragonne et tirette pour mettre le gant<\/li>\n<li>Boucle sur le doigt pour accrocher le gant lorsqu'il n'est pas utilis\u00e9<\/li>\n<li>Boucles pour attacher les gants ensemble<\/li>\n<\/ul>\n","protected":false},"excerpt":{"rendered":"<p>Gant l\u00e9ger et enveloppant avec une surmouffle chaude pour le ski-alpinisme (notamment pour les comp\u00e9titions). La paume est renforc\u00e9e dans la zone de contact avec la poign\u00e9e du b\u00e2ton pour plus de durabilit\u00e9, tandis que les impressions en silicone Grip'R assurent une adh\u00e9rence optimale.\u00a0La surmoufle chaude et le coupe-vent Warmit'N int\u00e9gr\u00e9, rapidement d\u00e9pliable de la [&hellip;]<\/p>\n","protected":false},"featured_media":115206,"template":"","meta":{"_acf_changed":false,"_seopress_robots_primary_cat":"","_seopress_titles_title":"","_seopress_titles_desc":"","_seopress_robots_index":"","ep_exclude_from_search":false},"product_brand":[],"product_cat":[1042,924,1986,1987],"product_tag":[2988,2998],"class_list":{"0":"post-118406","1":"product","2":"type-product","3":"status-publish","4":"has-post-thumbnail","6":"product_cat-ski-alpinisme","7":"product_cat-vetements","8":"product_cat-homme-vetements","9":"product_cat-gants-homme-vetements","10":"product_tag-randonnee","11":"product_tag-ski-alpinisme","12":"pa_colore-noir-vert","13":"pa_taglia-m-fr","14":"pa_taglia-l-fr","15":"pa_taglia-xl-fr","16":"yith_product_brand-camp-fr","18":"first","19":"outofstock","20":"taxable","21":"shipping-taxable","22":"product-type-variable"},"acf":[],"_links":{"self":[{"href":"https:\/\/alpine-world.com\/shop\/fr\/wp-json\/wp\/v2\/product\/118406","targetHints":{"allow":["GET"]}}],"collection":[{"href":"https:\/\/alpine-world.com\/shop\/fr\/wp-json\/wp\/v2\/product"}],"about":[{"href":"https:\/\/alpine-world.com\/shop\/fr\/wp-json\/wp\/v2\/types\/product"}],"wp:featuredmedia":[{"embeddable":true,"href":"https:\/\/alpine-world.com\/shop\/fr\/wp-json\/wp\/v2\/media\/115206"}],"wp:attachment":[{"href":"https:\/\/alpine-world.com\/shop\/fr\/wp-json\/wp\/v2\/media?parent=118406"}],"wp:term":[{"taxonomy":"product_brand","embeddable":true,"href":"https:\/\/alpine-world.com\/shop\/fr\/wp-json\/wp\/v2\/product_brand?post=118406"},{"taxonomy":"product_cat","embeddable":true,"href":"https:\/\/alpine-world.com\/shop\/fr\/wp-json\/wp\/v2\/product_cat?post=118406"},{"taxonomy":"product_tag","embeddable":true,"href":"https:\/\/alpine-world.com\/shop\/fr\/wp-json\/wp\/v2\/product_tag?post=118406"}],"curies":[{"name":"wp","href":"https:\/\/api.w.org\/{rel}","templated":true}]}}