{"id":118032,"date":"2023-10-23T15:36:03","date_gmt":"2023-10-23T13:36:03","guid":{"rendered":"https:\/\/alpine-world.com\/shop\/prodotto\/blue-ice-kume-40-l\/"},"modified":"2026-04-09T06:11:15","modified_gmt":"2026-04-09T04:11:15","slug":"blue-ice-kume-40-l","status":"publish","type":"product","link":"https:\/\/alpine-world.com\/shop\/fr\/produit\/blue-ice-kume-40-l\/","title":{"rendered":"Blue Ice Kume 40 L"},"content":{"rendered":"<p>Le Kume est le sac id\u00e9al pour les skieurs et splitboarders visant des objectifs techniques sur des terrains difficiles.<\/p>\n<p>Ce sac offre une excellente qualit\u00e9 de portage, de durabilit\u00e9 et de poids. Propos\u00e9 en deux volumes, il est id\u00e9al pour les missions \u00e0 la journ\u00e9e ou sur plusieurs jours. Il b\u00e9n\u00e9ficie d'une poche pour mat\u00e9riel de s\u00e9curit\u00e9 s\u00e9par\u00e9e, une poche verticale pour la corde avec une fermeture \u00e9clair \u00e0 acc\u00e8s rapide et une vari\u00e9t\u00e9 d'options de portage des skis. Les piolets techniques peuvent \u00eatre attach\u00e9s en toute s\u00e9curit\u00e9, et les piolets classiques peuvent \u00eatre port\u00e9s \u00e0 l'int\u00e9rieur, ou en position de d\u00e9ploiement rapide. Le syst\u00e8me de portage est discret, offre une grande stabilit\u00e9 et dispose de poches sur les hanches, des porte-mat\u00e9riels sur la ceinture et des points d'attache pour les longes sur les bretelles. Le Kume est parfait pour le ski alpinisme technique et intensif.<\/p>\n","protected":false},"excerpt":{"rendered":"<p>Le Kume est le sac id\u00e9al pour les skieurs et splitboarders visant des objectifs techniques sur des terrains difficiles. Ce sac offre une excellente qualit\u00e9 de portage, de durabilit\u00e9 et de poids. Propos\u00e9 en deux volumes, il est id\u00e9al pour les missions \u00e0 la journ\u00e9e ou sur plusieurs jours. Il b\u00e9n\u00e9ficie d'une poche pour mat\u00e9riel [&hellip;]<\/p>\n","protected":false},"featured_media":115757,"template":"","meta":{"_acf_changed":false,"_seopress_robots_primary_cat":"","_seopress_titles_title":"","_seopress_titles_desc":"","_seopress_robots_index":"","ep_exclude_from_search":false},"product_brand":[],"product_cat":[1029,962,966,1042],"product_tag":[2985,2998],"class_list":{"0":"post-118032","1":"product","2":"type-product","3":"status-publish","4":"has-post-thumbnail","6":"product_cat-freeride-fr","7":"product_cat-materiel","8":"product_cat-sacs-a-dos","9":"product_cat-ski-alpinisme","10":"product_tag-freeride-fr","11":"product_tag-ski-alpinisme","12":"pa_colore-gris","13":"pa_genere-femme","14":"pa_genere-homme","15":"pa_genere-unisex-fr","16":"pa_taglia-m-l-fr","17":"pa_taglia-s-m-fr","18":"yith_product_brand-blue-ice-fr","20":"first","21":"instock","22":"sale","23":"taxable","24":"shipping-taxable","25":"purchasable","26":"product-type-variable"},"acf":[],"_links":{"self":[{"href":"https:\/\/alpine-world.com\/shop\/fr\/wp-json\/wp\/v2\/product\/118032","targetHints":{"allow":["GET"]}}],"collection":[{"href":"https:\/\/alpine-world.com\/shop\/fr\/wp-json\/wp\/v2\/product"}],"about":[{"href":"https:\/\/alpine-world.com\/shop\/fr\/wp-json\/wp\/v2\/types\/product"}],"wp:featuredmedia":[{"embeddable":true,"href":"https:\/\/alpine-world.com\/shop\/fr\/wp-json\/wp\/v2\/media\/115757"}],"wp:attachment":[{"href":"https:\/\/alpine-world.com\/shop\/fr\/wp-json\/wp\/v2\/media?parent=118032"}],"wp:term":[{"taxonomy":"product_brand","embeddable":true,"href":"https:\/\/alpine-world.com\/shop\/fr\/wp-json\/wp\/v2\/product_brand?post=118032"},{"taxonomy":"product_cat","embeddable":true,"href":"https:\/\/alpine-world.com\/shop\/fr\/wp-json\/wp\/v2\/product_cat?post=118032"},{"taxonomy":"product_tag","embeddable":true,"href":"https:\/\/alpine-world.com\/shop\/fr\/wp-json\/wp\/v2\/product_tag?post=118032"}],"curies":[{"name":"wp","href":"https:\/\/api.w.org\/{rel}","templated":true}]}}