{"id":117688,"date":"2023-11-10T15:57:01","date_gmt":"2023-11-10T14:57:01","guid":{"rendered":"https:\/\/alpine-world.com\/shop\/prodotto\/plum-couteaux-110-mm\/"},"modified":"2023-11-10T15:57:01","modified_gmt":"2023-11-10T14:57:01","slug":"plum-couteaux-110-mm","status":"publish","type":"product","link":"https:\/\/alpine-world.com\/shop\/fr\/produit\/plum-couteaux-110-mm\/","title":{"rendered":"Plum Couteaux 110 mm"},"content":{"rendered":"<p>Ultrarapide, il n\u2019est plus n\u00e9cessaire avec ce syst\u00e8me de glisser le couteau sur le c\u00f4t\u00e9 de la fixation pour le mettre en place ! Il suffit de positionner le couteau \u00e0 90\u00b0 au-dessus de la fixation. Moins d\u2019usure li\u00e9e \u00e0 la mise en place donc moins de risque de casse de couteau.<\/p>\n","protected":false},"excerpt":{"rendered":"<p>Ultrarapide, il n\u2019est plus n\u00e9cessaire avec ce syst\u00e8me de glisser le couteau sur le c\u00f4t\u00e9 de la fixation pour le mettre en place ! Il suffit de positionner le couteau \u00e0 90\u00b0 au-dessus de la fixation. Moins d\u2019usure li\u00e9e \u00e0 la mise en place donc moins de risque de casse de couteau.<\/p>\n","protected":false},"featured_media":116788,"template":"","meta":{"_acf_changed":false,"_seopress_robots_primary_cat":"","_seopress_titles_title":"","_seopress_titles_desc":"","_seopress_robots_index":"","ep_exclude_from_search":false},"product_brand":[],"product_cat":[1042,962,2032],"product_tag":[2998],"class_list":{"0":"post-117688","1":"product","2":"type-product","3":"status-publish","4":"has-post-thumbnail","6":"product_cat-ski-alpinisme","7":"product_cat-materiel","8":"product_cat-fixations","9":"product_tag-ski-alpinisme","10":"yith_product_brand-plum-fr","12":"first","13":"instock","14":"taxable","15":"shipping-taxable","16":"purchasable","17":"product-type-simple"},"acf":[],"_links":{"self":[{"href":"https:\/\/alpine-world.com\/shop\/fr\/wp-json\/wp\/v2\/product\/117688","targetHints":{"allow":["GET"]}}],"collection":[{"href":"https:\/\/alpine-world.com\/shop\/fr\/wp-json\/wp\/v2\/product"}],"about":[{"href":"https:\/\/alpine-world.com\/shop\/fr\/wp-json\/wp\/v2\/types\/product"}],"wp:featuredmedia":[{"embeddable":true,"href":"https:\/\/alpine-world.com\/shop\/fr\/wp-json\/wp\/v2\/media\/116788"}],"wp:attachment":[{"href":"https:\/\/alpine-world.com\/shop\/fr\/wp-json\/wp\/v2\/media?parent=117688"}],"wp:term":[{"taxonomy":"product_brand","embeddable":true,"href":"https:\/\/alpine-world.com\/shop\/fr\/wp-json\/wp\/v2\/product_brand?post=117688"},{"taxonomy":"product_cat","embeddable":true,"href":"https:\/\/alpine-world.com\/shop\/fr\/wp-json\/wp\/v2\/product_cat?post=117688"},{"taxonomy":"product_tag","embeddable":true,"href":"https:\/\/alpine-world.com\/shop\/fr\/wp-json\/wp\/v2\/product_tag?post=117688"}],"curies":[{"name":"wp","href":"https:\/\/api.w.org\/{rel}","templated":true}]}}