{"id":117413,"date":"2023-11-15T17:25:46","date_gmt":"2023-11-15T16:25:46","guid":{"rendered":"https:\/\/alpine-world.com\/shop\/prodotto\/black-diamond-venom-lt-classic\/"},"modified":"2023-11-15T17:25:46","modified_gmt":"2023-11-15T16:25:46","slug":"black-diamond-venom-lt-classic","status":"publish","type":"product","link":"https:\/\/alpine-world.com\/shop\/fr\/produit\/black-diamond-venom-lt-classic\/","title":{"rendered":"Black Diamond Venom LT Classic"},"content":{"rendered":"<p>Pour remonter efficacement des couloirs abrupts lors de courses de ski-alpinisme ou pour progresser en style rapide et l\u00e9ger lors de courses d\u2019alpinisme estival, le nouveau Venom LT Classic est un piolet ultra l\u00e9ger de 240 grammes con\u00e7u pour une polyvalence maximale en montagne. La lame Hot Forged Classic LT Pick en acier forg\u00e9 \u00e0 chaud rempla\u00e7able est associ\u00e9e \u00e0 une t\u00eate ergonomique en aluminium forg\u00e9. Le manche rainur\u00e9 am\u00e9liore la pr\u00e9hension et son extr\u00e9mit\u00e9 biseaut\u00e9e propose une pique en acier rempla\u00e7able assurant une meilleure fiabilit\u00e9 de placement sur pente neigeuse. Le Venom LT Classic est compatible avec le marteau Hammer, la lame Tech Pick, la cale d\u2019appui r\u00e9glable Adjustable Pommel et le godet de pelle Transfer Shovel. Cette compatibilit\u00e9 extr\u00eame en fait un piolet technique et l\u00e9ger haute polyvalence.<\/p>\n","protected":false},"excerpt":{"rendered":"<p>Pour remonter efficacement des couloirs abrupts lors de courses de ski-alpinisme ou pour progresser en style rapide et l\u00e9ger lors de courses d\u2019alpinisme estival, le nouveau Venom LT Classic est un piolet ultra l\u00e9ger de 240 grammes con\u00e7u pour une polyvalence maximale en montagne. La lame Hot Forged Classic LT Pick en acier forg\u00e9 \u00e0 [&hellip;]<\/p>\n","protected":false},"featured_media":117073,"template":"","meta":{"_acf_changed":false,"_seopress_robots_primary_cat":"","_seopress_titles_title":"","_seopress_titles_desc":"","_seopress_robots_index":"","ep_exclude_from_search":false},"product_brand":[],"product_cat":[1041,1042,962,1985],"product_tag":[2983,2998],"class_list":{"0":"post-117413","1":"product","2":"type-product","3":"status-publish","4":"has-post-thumbnail","6":"product_cat-alpinisme","7":"product_cat-ski-alpinisme","8":"product_cat-materiel","9":"product_cat-piolets","10":"product_tag-alpinisme","11":"product_tag-ski-alpinisme","12":"pa_colore-vert","13":"pa_lunghezza-45-cm-fr","14":"yith_product_brand-black-diamond-fr","16":"first","17":"outofstock","18":"sale","19":"taxable","20":"shipping-taxable","21":"purchasable","22":"product-type-simple"},"acf":[],"_links":{"self":[{"href":"https:\/\/alpine-world.com\/shop\/fr\/wp-json\/wp\/v2\/product\/117413","targetHints":{"allow":["GET"]}}],"collection":[{"href":"https:\/\/alpine-world.com\/shop\/fr\/wp-json\/wp\/v2\/product"}],"about":[{"href":"https:\/\/alpine-world.com\/shop\/fr\/wp-json\/wp\/v2\/types\/product"}],"wp:featuredmedia":[{"embeddable":true,"href":"https:\/\/alpine-world.com\/shop\/fr\/wp-json\/wp\/v2\/media\/117073"}],"wp:attachment":[{"href":"https:\/\/alpine-world.com\/shop\/fr\/wp-json\/wp\/v2\/media?parent=117413"}],"wp:term":[{"taxonomy":"product_brand","embeddable":true,"href":"https:\/\/alpine-world.com\/shop\/fr\/wp-json\/wp\/v2\/product_brand?post=117413"},{"taxonomy":"product_cat","embeddable":true,"href":"https:\/\/alpine-world.com\/shop\/fr\/wp-json\/wp\/v2\/product_cat?post=117413"},{"taxonomy":"product_tag","embeddable":true,"href":"https:\/\/alpine-world.com\/shop\/fr\/wp-json\/wp\/v2\/product_tag?post=117413"}],"curies":[{"name":"wp","href":"https:\/\/api.w.org\/{rel}","templated":true}]}}