{"id":117324,"date":"2023-11-18T18:55:56","date_gmt":"2023-11-18T17:55:56","guid":{"rendered":"https:\/\/alpine-world.com\/shop\/prodotto\/arcteryx-beta-ar-pant\/"},"modified":"2026-04-09T06:11:14","modified_gmt":"2026-04-09T04:11:14","slug":"arcteryx-beta-ar-pant","status":"publish","type":"product","link":"https:\/\/alpine-world.com\/shop\/fr\/produit\/arcteryx-beta-ar-pant\/","title":{"rendered":"Arc'teryx Beta AR Pant"},"content":{"rendered":"<p>Au cours de vos exp\u00e9ditions en milieu sauvage, les conditions peuvent changer. Le vent et la pluie font place \u00e0 la neige fondue, puis aux gros flocons. Heureusement, le pantalon Beta\u00a0AR vous offre une protection imperm\u00e9able, coupe-vent et respirante pour assurer votre confort en toutes circonstances. Le GORE-TEX PRO Ultra R\u00e9sistant, une mati\u00e8re nouvelle g\u00e9n\u00e9ration que nous avons mise au point en collaboration avec Gore, b\u00e9n\u00e9ficie d\u2019une durabilit\u00e9 incroyable. La coupe pr\u00e9form\u00e9e accro\u00eet votre libert\u00e9 de mouvement, l\u2019assise est rabattable gr\u00e2ce aux zips lat\u00e9raux WaterTight\u2122, tandis que le r\u00e9flecteur RECCO\u00ae int\u00e9gr\u00e9 peut faciliter les op\u00e9rations de recherche en cas d\u2019urgence.<\/p>\n","protected":false},"excerpt":{"rendered":"<p>Au cours de vos exp\u00e9ditions en milieu sauvage, les conditions peuvent changer. Le vent et la pluie font place \u00e0 la neige fondue, puis aux gros flocons. Heureusement, le pantalon Beta\u00a0AR vous offre une protection imperm\u00e9able, coupe-vent et respirante pour assurer votre confort en toutes circonstances. Le GORE-TEX PRO Ultra R\u00e9sistant, une mati\u00e8re nouvelle g\u00e9n\u00e9ration [&hellip;]<\/p>\n","protected":false},"featured_media":117222,"template":"","meta":{"_acf_changed":false,"_seopress_robots_primary_cat":"","_seopress_titles_title":"","_seopress_titles_desc":"","_seopress_robots_index":"","ep_exclude_from_search":false},"product_brand":[],"product_cat":[1041,1040,1029,1986,2001,1042,1026,924],"product_tag":[2983,2997,2985,2998],"class_list":{"0":"post-117324","1":"product","2":"type-product","3":"status-publish","4":"has-post-thumbnail","6":"product_cat-alpinisme","7":"product_cat-cascade-de-glace","8":"product_cat-freeride-fr","9":"product_cat-homme-vetements","10":"product_cat-pantalons-et-shorts-homme","11":"product_cat-ski-alpinisme","12":"product_cat-soldes","13":"product_cat-vetements","14":"product_tag-alpinisme","15":"product_tag-cascade-de-glace","16":"product_tag-freeride-fr","17":"product_tag-ski-alpinisme","18":"pa_categoria-pantalons","19":"pa_colore-noir","20":"pa_lunghezza-regular-fr","21":"pa_taglia-l-fr","22":"pa_taglia-m-fr","23":"pa_taglia-s-fr","24":"yith_product_brand-arcteryx-fr","26":"first","27":"outofstock","28":"taxable","29":"shipping-taxable","30":"product-type-variable"},"acf":[],"_links":{"self":[{"href":"https:\/\/alpine-world.com\/shop\/fr\/wp-json\/wp\/v2\/product\/117324","targetHints":{"allow":["GET"]}}],"collection":[{"href":"https:\/\/alpine-world.com\/shop\/fr\/wp-json\/wp\/v2\/product"}],"about":[{"href":"https:\/\/alpine-world.com\/shop\/fr\/wp-json\/wp\/v2\/types\/product"}],"wp:featuredmedia":[{"embeddable":true,"href":"https:\/\/alpine-world.com\/shop\/fr\/wp-json\/wp\/v2\/media\/117222"}],"wp:attachment":[{"href":"https:\/\/alpine-world.com\/shop\/fr\/wp-json\/wp\/v2\/media?parent=117324"}],"wp:term":[{"taxonomy":"product_brand","embeddable":true,"href":"https:\/\/alpine-world.com\/shop\/fr\/wp-json\/wp\/v2\/product_brand?post=117324"},{"taxonomy":"product_cat","embeddable":true,"href":"https:\/\/alpine-world.com\/shop\/fr\/wp-json\/wp\/v2\/product_cat?post=117324"},{"taxonomy":"product_tag","embeddable":true,"href":"https:\/\/alpine-world.com\/shop\/fr\/wp-json\/wp\/v2\/product_tag?post=117324"}],"curies":[{"name":"wp","href":"https:\/\/api.w.org\/{rel}","templated":true}]}}