{"id":115427,"date":"2023-10-13T18:32:32","date_gmt":"2023-10-13T16:32:32","guid":{"rendered":"https:\/\/alpine-world.com\/shop\/?post_type=product&#038;p=115427"},"modified":"2026-04-04T06:11:10","modified_gmt":"2026-04-04T04:11:10","slug":"mammut-broad-peak-in-hooded-jkt-2","status":"publish","type":"product","link":"https:\/\/alpine-world.com\/shop\/fr\/produit\/mammut-broad-peak-in-hooded-jkt-2\/","title":{"rendered":"Mammut Broad Peak IN Hooded Jkt"},"content":{"rendered":"<p>Pour une chaleur optimale en montagne\u00a0: la Broad Peak IN Hooded Jacket Men est une veste isolante id\u00e9ale pour tes aventures alpines. La mati\u00e8re Pertex\u00ae Quantum assure une excellente isolation et prot\u00e8ge efficacement de l\u2019humidit\u00e9. La doublure en duvet et plumes offre une chaleur agr\u00e9able par temps froid. Et si tu veux l\u2019enlever, elle est suffisamment compressible pour \u00eatre rang\u00e9e dans ton sac \u00e0 dos. Gr\u00e2ce \u00e0 ses poches compatibles avec le port d\u2019un sac \u00e0 dos et d\u2019un harnais, elle se r\u00e9v\u00e8le tr\u00e8s pratique pendant l\u2019exp\u00e9dition.<\/p>\n","protected":false},"excerpt":{"rendered":"<p>Pour une chaleur optimale en montagne\u00a0: la Broad Peak IN Hooded Jacket Men est une veste isolante id\u00e9ale pour tes aventures alpines. La mati\u00e8re Pertex\u00ae Quantum assure une excellente isolation et prot\u00e8ge efficacement de l\u2019humidit\u00e9. La doublure en duvet et plumes offre une chaleur agr\u00e9able par temps froid. Et si tu veux l\u2019enlever, elle est [&hellip;]<\/p>\n","protected":false},"featured_media":115445,"template":"","meta":{"_acf_changed":false,"_seopress_robots_primary_cat":"","_seopress_titles_title":"","_seopress_titles_desc":"","_seopress_robots_index":"","ep_exclude_from_search":false},"product_brand":[],"product_cat":[1041,1040,1029,1042,1039,924,1986,2015,1026],"product_tag":[2983,2997,2985,2998,2986],"class_list":{"0":"post-115427","1":"product","2":"type-product","3":"status-publish","4":"has-post-thumbnail","6":"product_cat-alpinisme","7":"product_cat-cascade-de-glace","8":"product_cat-freeride-fr","9":"product_cat-ski-alpinisme","10":"product_cat-free-time-fr","11":"product_cat-vetements","12":"product_cat-homme-vetements","13":"product_cat-vestes-et-gilets-homme","14":"product_cat-soldes","15":"product_tag-alpinisme","16":"product_tag-cascade-de-glace","17":"product_tag-freeride-fr","18":"product_tag-ski-alpinisme","19":"product_tag-temps-libre","20":"pa_caratteristiche-vestes-chaudes","21":"pa_colore-vert","22":"pa_materiale-plume","23":"pa_taglia-s-fr","24":"pa_taglia-m-fr","25":"pa_taglia-l-fr","26":"yith_product_brand-mammut-fr","28":"first","29":"outofstock","30":"taxable","31":"shipping-taxable","32":"product-type-variable"},"acf":[],"_links":{"self":[{"href":"https:\/\/alpine-world.com\/shop\/fr\/wp-json\/wp\/v2\/product\/115427","targetHints":{"allow":["GET"]}}],"collection":[{"href":"https:\/\/alpine-world.com\/shop\/fr\/wp-json\/wp\/v2\/product"}],"about":[{"href":"https:\/\/alpine-world.com\/shop\/fr\/wp-json\/wp\/v2\/types\/product"}],"wp:featuredmedia":[{"embeddable":true,"href":"https:\/\/alpine-world.com\/shop\/fr\/wp-json\/wp\/v2\/media\/115445"}],"wp:attachment":[{"href":"https:\/\/alpine-world.com\/shop\/fr\/wp-json\/wp\/v2\/media?parent=115427"}],"wp:term":[{"taxonomy":"product_brand","embeddable":true,"href":"https:\/\/alpine-world.com\/shop\/fr\/wp-json\/wp\/v2\/product_brand?post=115427"},{"taxonomy":"product_cat","embeddable":true,"href":"https:\/\/alpine-world.com\/shop\/fr\/wp-json\/wp\/v2\/product_cat?post=115427"},{"taxonomy":"product_tag","embeddable":true,"href":"https:\/\/alpine-world.com\/shop\/fr\/wp-json\/wp\/v2\/product_tag?post=115427"}],"curies":[{"name":"wp","href":"https:\/\/api.w.org\/{rel}","templated":true}]}}