{"id":114522,"date":"2023-08-18T12:27:56","date_gmt":"2023-08-18T10:27:56","guid":{"rendered":"https:\/\/alpine-world.com\/shop\/prodotto\/arcteryx-gamma-ar-pant\/"},"modified":"2026-04-04T06:11:11","modified_gmt":"2026-04-04T04:11:11","slug":"arcteryx-gamma-ar-pant","status":"publish","type":"product","link":"https:\/\/alpine-world.com\/shop\/fr\/produit\/arcteryx-gamma-ar-pant\/","title":{"rendered":"Arc'teryx Gamma AR Pant"},"content":{"rendered":"<p>La progression sur rochers, glace et sentiers doit \u00eatre dynamique. Lorsque les conditions changent, il est imp\u00e9ratif de se prot\u00e9ger des intemp\u00e9ries. Le pantalon Gamma AR \u00e0 coupe ajust\u00e9e a \u00e9t\u00e9 perfectionn\u00e9 pour l\u2019escalade, mais sa polyvalence le rend tout aussi efficace lors des approches et randonn\u00e9es sur des terrains mixtes. R\u00e9sistant \u00e0 l\u2019eau et au vent, l\u2019\u00e9toffe \u00e0 double tissage avec un traitement d\u00e9perlant associe \u00e9lasticit\u00e9 et r\u00e9sistance \u00e0 l\u2019abrasion avec une grande respirabilit\u00e9. L\u2019entrejambe extensible, les genoux articul\u00e9s et l\u2019extensibilit\u00e9 du tissu assurent une libert\u00e9 de mouvement exceptionnelle.<\/p>\n","protected":false},"excerpt":{"rendered":"<p>La progression sur rochers, glace et sentiers doit \u00eatre dynamique. Lorsque les conditions changent, il est imp\u00e9ratif de se prot\u00e9ger des intemp\u00e9ries. Le pantalon Gamma AR \u00e0 coupe ajust\u00e9e a \u00e9t\u00e9 perfectionn\u00e9 pour l\u2019escalade, mais sa polyvalence le rend tout aussi efficace lors des approches et randonn\u00e9es sur des terrains mixtes. R\u00e9sistant \u00e0 l\u2019eau et [&hellip;]<\/p>\n","protected":false},"featured_media":136508,"template":"","meta":{"_acf_changed":false,"_seopress_robots_primary_cat":"","_seopress_titles_title":"","_seopress_titles_desc":"","_seopress_robots_index":"","ep_exclude_from_search":false},"product_brand":[],"product_cat":[1041,1044,924,1986,2001,1026],"product_tag":[2983,2988],"class_list":{"0":"post-114522","1":"product","2":"type-product","3":"status-publish","4":"has-post-thumbnail","6":"product_cat-alpinisme","7":"product_cat-randonnee","8":"product_cat-vetements","9":"product_cat-homme-vetements","10":"product_cat-pantalons-et-shorts-homme","11":"product_cat-soldes","12":"product_tag-alpinisme","13":"product_tag-randonnee","14":"pa_categoria-pantalons","15":"pa_colore-boxcar-fr","16":"pa_colore-gris","17":"pa_colore-noir","18":"pa_lunghezza-regular-fr","19":"pa_taglia-28-fr","20":"pa_taglia-30-fr","21":"pa_taglia-32-fr","22":"pa_taglia-34-fr","23":"pa_taglia-36-fr","24":"yith_product_brand-arcteryx-fr","26":"first","27":"outofstock","28":"taxable","29":"shipping-taxable","30":"product-type-variable"},"acf":[],"_links":{"self":[{"href":"https:\/\/alpine-world.com\/shop\/fr\/wp-json\/wp\/v2\/product\/114522","targetHints":{"allow":["GET"]}}],"collection":[{"href":"https:\/\/alpine-world.com\/shop\/fr\/wp-json\/wp\/v2\/product"}],"about":[{"href":"https:\/\/alpine-world.com\/shop\/fr\/wp-json\/wp\/v2\/types\/product"}],"wp:featuredmedia":[{"embeddable":true,"href":"https:\/\/alpine-world.com\/shop\/fr\/wp-json\/wp\/v2\/media\/136508"}],"wp:attachment":[{"href":"https:\/\/alpine-world.com\/shop\/fr\/wp-json\/wp\/v2\/media?parent=114522"}],"wp:term":[{"taxonomy":"product_brand","embeddable":true,"href":"https:\/\/alpine-world.com\/shop\/fr\/wp-json\/wp\/v2\/product_brand?post=114522"},{"taxonomy":"product_cat","embeddable":true,"href":"https:\/\/alpine-world.com\/shop\/fr\/wp-json\/wp\/v2\/product_cat?post=114522"},{"taxonomy":"product_tag","embeddable":true,"href":"https:\/\/alpine-world.com\/shop\/fr\/wp-json\/wp\/v2\/product_tag?post=114522"}],"curies":[{"name":"wp","href":"https:\/\/api.w.org\/{rel}","templated":true}]}}