{"id":112820,"date":"2023-05-19T16:45:08","date_gmt":"2023-05-19T14:45:08","guid":{"rendered":"https:\/\/alpine-world.com\/shop\/prodotto\/yy-elastic-bands-25-kg\/"},"modified":"2023-05-19T16:45:08","modified_gmt":"2023-05-19T14:45:08","slug":"yy-elastic-bands-25-kg","status":"publish","type":"product","link":"https:\/\/alpine-world.com\/shop\/fr\/produit\/yy-elastic-bands-25-kg\/","title":{"rendered":"YY Elastic Bands 25 Kg"},"content":{"rendered":"<p>Con\u00e7us en silicone de haute qualit\u00e9, durable et sans odeur, les \u00e9lastiques YY Vertical vous permettent de renforcer vos muscles ou de les \u00e9tirer. Accessoires indispensables pour vos s\u00e9ances d\u2019entra\u00eenement, ils sont disponibles en cinq r\u00e9sistances diff\u00e9rentes pour s\u2019adapter au mieux \u00e0 votre pratique. Con\u00e7us pour la pr\u00e9paration physique, ces \u00e9lastiques peuvent \u00eatre coupl\u00e9s avec les produits d\u2019entra\u00eenement YY Vertical lors de vos entra\u00eenements d\u2019escalade.<\/p>\n","protected":false},"excerpt":{"rendered":"<p>Con\u00e7us en silicone de haute qualit\u00e9, durable et sans odeur, les \u00e9lastiques YY Vertical vous permettent de renforcer vos muscles ou de les \u00e9tirer. Accessoires indispensables pour vos s\u00e9ances d\u2019entra\u00eenement, ils sont disponibles en cinq r\u00e9sistances diff\u00e9rentes pour s\u2019adapter au mieux \u00e0 votre pratique. Con\u00e7us pour la pr\u00e9paration physique, ces \u00e9lastiques peuvent \u00eatre coupl\u00e9s avec [&hellip;]<\/p>\n","protected":false},"featured_media":112677,"template":"","meta":{"_acf_changed":false,"_seopress_robots_primary_cat":"","_seopress_titles_title":"","_seopress_titles_desc":"","_seopress_robots_index":"","ep_exclude_from_search":false},"product_brand":[],"product_cat":[1028,962,3319],"product_tag":[2984],"class_list":{"0":"post-112820","1":"product","2":"type-product","3":"status-publish","4":"has-post-thumbnail","6":"product_cat-escalade","7":"product_cat-materiel","8":"product_cat-entrainement","9":"product_tag-escalade","10":"yith_product_brand-yy-vertical-fr","12":"first","13":"instock","14":"sale","15":"taxable","16":"shipping-taxable","17":"purchasable","18":"product-type-simple"},"acf":[],"_links":{"self":[{"href":"https:\/\/alpine-world.com\/shop\/fr\/wp-json\/wp\/v2\/product\/112820","targetHints":{"allow":["GET"]}}],"collection":[{"href":"https:\/\/alpine-world.com\/shop\/fr\/wp-json\/wp\/v2\/product"}],"about":[{"href":"https:\/\/alpine-world.com\/shop\/fr\/wp-json\/wp\/v2\/types\/product"}],"wp:featuredmedia":[{"embeddable":true,"href":"https:\/\/alpine-world.com\/shop\/fr\/wp-json\/wp\/v2\/media\/112677"}],"wp:attachment":[{"href":"https:\/\/alpine-world.com\/shop\/fr\/wp-json\/wp\/v2\/media?parent=112820"}],"wp:term":[{"taxonomy":"product_brand","embeddable":true,"href":"https:\/\/alpine-world.com\/shop\/fr\/wp-json\/wp\/v2\/product_brand?post=112820"},{"taxonomy":"product_cat","embeddable":true,"href":"https:\/\/alpine-world.com\/shop\/fr\/wp-json\/wp\/v2\/product_cat?post=112820"},{"taxonomy":"product_tag","embeddable":true,"href":"https:\/\/alpine-world.com\/shop\/fr\/wp-json\/wp\/v2\/product_tag?post=112820"}],"curies":[{"name":"wp","href":"https:\/\/api.w.org\/{rel}","templated":true}]}}