{"id":112803,"date":"2023-05-19T17:15:35","date_gmt":"2023-05-19T15:15:35","guid":{"rendered":"https:\/\/alpine-world.com\/shop\/prodotto\/yy-twins-cylinder-25-mm\/"},"modified":"2023-05-19T17:15:35","modified_gmt":"2023-05-19T15:15:35","slug":"yy-twins-cylinder-25-mm","status":"publish","type":"product","link":"https:\/\/alpine-world.com\/shop\/fr\/produit\/yy-twins-cylinder-25-mm\/","title":{"rendered":"YY Twins Cylinder 25 mm"},"content":{"rendered":"<p>Vendus par paire, les TWIN CYLINDERS 33mm et 55mm font partie des grands classiques de l\u2019entra\u00eenement d\u2019escalade. Revisit\u00e9s, les TWIN vous offrent deux modes diff\u00e9rents : vertical ou horizontal pour un entra\u00eenement en tractions \/ suspensions adapt\u00e9 \u00e0 vos besoins. Ils renforceront \u00e0 coup s\u00fbr votre pr\u00e9hension en pince et vos bras. Ces cylindres, faits en bois de caoutchouc recycl\u00e9, offrent \u00e9galement une surface douce au toucher dont le confort et l\u2019accroche convaincront les grimpeurs.<\/p>\n","protected":false},"excerpt":{"rendered":"<p>Vendus par paire, les TWIN CYLINDERS 33mm et 55mm font partie des grands classiques de l\u2019entra\u00eenement d\u2019escalade. Revisit\u00e9s, les TWIN vous offrent deux modes diff\u00e9rents : vertical ou horizontal pour un entra\u00eenement en tractions \/ suspensions adapt\u00e9 \u00e0 vos besoins. Ils renforceront \u00e0 coup s\u00fbr votre pr\u00e9hension en pince et vos bras. Ces cylindres, faits [&hellip;]<\/p>\n","protected":false},"featured_media":112723,"template":"","meta":{"_acf_changed":false,"_seopress_robots_primary_cat":"","_seopress_titles_title":"","_seopress_titles_desc":"","_seopress_robots_index":"","ep_exclude_from_search":false},"product_brand":[],"product_cat":[1028,962,3319],"product_tag":[2984],"class_list":{"0":"post-112803","1":"product","2":"type-product","3":"status-publish","4":"has-post-thumbnail","6":"product_cat-escalade","7":"product_cat-materiel","8":"product_cat-entrainement","9":"product_tag-escalade","10":"yith_product_brand-yy-vertical-fr","12":"first","13":"instock","14":"sale","15":"taxable","16":"shipping-taxable","17":"purchasable","18":"product-type-simple"},"acf":[],"_links":{"self":[{"href":"https:\/\/alpine-world.com\/shop\/fr\/wp-json\/wp\/v2\/product\/112803","targetHints":{"allow":["GET"]}}],"collection":[{"href":"https:\/\/alpine-world.com\/shop\/fr\/wp-json\/wp\/v2\/product"}],"about":[{"href":"https:\/\/alpine-world.com\/shop\/fr\/wp-json\/wp\/v2\/types\/product"}],"wp:featuredmedia":[{"embeddable":true,"href":"https:\/\/alpine-world.com\/shop\/fr\/wp-json\/wp\/v2\/media\/112723"}],"wp:attachment":[{"href":"https:\/\/alpine-world.com\/shop\/fr\/wp-json\/wp\/v2\/media?parent=112803"}],"wp:term":[{"taxonomy":"product_brand","embeddable":true,"href":"https:\/\/alpine-world.com\/shop\/fr\/wp-json\/wp\/v2\/product_brand?post=112803"},{"taxonomy":"product_cat","embeddable":true,"href":"https:\/\/alpine-world.com\/shop\/fr\/wp-json\/wp\/v2\/product_cat?post=112803"},{"taxonomy":"product_tag","embeddable":true,"href":"https:\/\/alpine-world.com\/shop\/fr\/wp-json\/wp\/v2\/product_tag?post=112803"}],"curies":[{"name":"wp","href":"https:\/\/api.w.org\/{rel}","templated":true}]}}