{"id":111582,"date":"2023-04-28T16:19:35","date_gmt":"2023-04-28T14:19:35","guid":{"rendered":"https:\/\/alpine-world.com\/shop\/prodotto\/msr-elixir-2\/"},"modified":"2023-04-28T16:19:35","modified_gmt":"2023-04-28T14:19:35","slug":"msr-elixir-2","status":"publish","type":"product","link":"https:\/\/alpine-world.com\/shop\/fr\/produit\/msr-elixir-2\/","title":{"rendered":"MSR Elixir 2"},"content":{"rendered":"<div id=\"longDescription\" class=\"column col-sm-12 col-md-8 col-lg-4 value content\">La tente Elixir 2 de MSR<sup>\u00ae<\/sup>\u00a0a \u00e9t\u00e9 con\u00e7ue pour le camping et la randonn\u00e9e, et offre un grand volume utile. Elle est parfaite pour les aventuriers qui cherchent une tente facile \u00e0 monter avec un excellent rapport qualit\u00e9\/prix. Contrairement \u00e0 de nombreuses tentes dans cette cat\u00e9gorie, notre tente autoportante offre un vrai volume utilisable pour deux adultes, deux grandes portes et deux grands vestibules redessin\u00e9s pour fournir 35% d\u2019espace en plus. Cette tente polyvalente combine un tissu moustiquaire ventil\u00e9 avec des tissus opaques pour assurer la circulation de l\u2019air, la chaleur et la discr\u00e9tion. La toile de sol incluse offre de multiples options de configuration, y compris un mode autoportant Fast &amp; Light avec le double-toit. Que vous planifiez votre premi\u00e8re ou votre centi\u00e8me nuit en randonn\u00e9e, la tente de randonn\u00e9e Elixir 2 constitue le rem\u00e8de prescrit par docteur Nature.<\/div>\n<div id=\"additionalContent1\" class=\"column col-12 col-lg-8 value content\">\n<ul>\n<li><strong>Confortable:<\/strong>\u00a0le syst\u00e8me d\u2019arceaux optimise l\u2019espace libre et permet d\u2019utiliser deux matelas grand format; le double-toit modulable permet de voir le paysage; meilleure habitabilit\u00e9 avec les espaces int\u00e9gr\u00e9s de rangement suspendu et les tirettes de fermeture \u00e0 glissi\u00e8re luminescentes.<\/li>\n<li><strong>Montage Fast &amp; Light (rapide et l\u00e9ger):<\/strong>\u00a0les tentes sont livr\u00e9es avec une toile de sol MSR Elixir qui permet de les monter en mode Fast &amp; Light (rapide et l\u00e9ger) simplement avec le double-toit.<\/li>\n<li><strong>Montage facile:<\/strong>\u00a0structure autoportante avec arceaux, clips et sangles aux couleurs coordonn\u00e9es et des vestibules en rouge pour permettre un montage rapide et ais\u00e9.<\/li>\n<li><strong>Discr\u00e9tion:<\/strong>\u00a0les tissus opaques combin\u00e9s aux moustiquaires assurent l'a\u00e9ration, la chaleur et la discr\u00e9tion.<\/li>\n<\/ul>\n<\/div>\n","protected":false},"excerpt":{"rendered":"<p>La tente Elixir 2 de MSR\u00ae\u00a0a \u00e9t\u00e9 con\u00e7ue pour le camping et la randonn\u00e9e, et offre un grand volume utile. Elle est parfaite pour les aventuriers qui cherchent une tente facile \u00e0 monter avec un excellent rapport qualit\u00e9\/prix. Contrairement \u00e0 de nombreuses tentes dans cette cat\u00e9gorie, notre tente autoportante offre un vrai volume utilisable pour [&hellip;]<\/p>\n","protected":false},"featured_media":111353,"template":"","meta":{"_acf_changed":false,"_seopress_robots_primary_cat":"","_seopress_titles_title":"","_seopress_titles_desc":"","_seopress_robots_index":"","ep_exclude_from_search":false},"product_brand":[],"product_cat":[2915,962,1044,2738],"product_tag":[2996,2988],"class_list":{"0":"post-111582","1":"product","2":"type-product","3":"status-publish","4":"has-post-thumbnail","6":"product_cat-camping-et-bivouac-fr","7":"product_cat-materiel","8":"product_cat-randonnee","9":"product_cat-tentes","10":"product_tag-camping-et-bivouac","11":"product_tag-randonnee","12":"yith_product_brand-msr-fr","14":"first","15":"outofstock","16":"sale","17":"taxable","18":"shipping-taxable","19":"purchasable","20":"product-type-simple"},"acf":[],"_links":{"self":[{"href":"https:\/\/alpine-world.com\/shop\/fr\/wp-json\/wp\/v2\/product\/111582","targetHints":{"allow":["GET"]}}],"collection":[{"href":"https:\/\/alpine-world.com\/shop\/fr\/wp-json\/wp\/v2\/product"}],"about":[{"href":"https:\/\/alpine-world.com\/shop\/fr\/wp-json\/wp\/v2\/types\/product"}],"wp:featuredmedia":[{"embeddable":true,"href":"https:\/\/alpine-world.com\/shop\/fr\/wp-json\/wp\/v2\/media\/111353"}],"wp:attachment":[{"href":"https:\/\/alpine-world.com\/shop\/fr\/wp-json\/wp\/v2\/media?parent=111582"}],"wp:term":[{"taxonomy":"product_brand","embeddable":true,"href":"https:\/\/alpine-world.com\/shop\/fr\/wp-json\/wp\/v2\/product_brand?post=111582"},{"taxonomy":"product_cat","embeddable":true,"href":"https:\/\/alpine-world.com\/shop\/fr\/wp-json\/wp\/v2\/product_cat?post=111582"},{"taxonomy":"product_tag","embeddable":true,"href":"https:\/\/alpine-world.com\/shop\/fr\/wp-json\/wp\/v2\/product_tag?post=111582"}],"curies":[{"name":"wp","href":"https:\/\/api.w.org\/{rel}","templated":true}]}}