{"id":108339,"date":"2023-03-07T17:00:08","date_gmt":"2023-03-07T16:00:08","guid":{"rendered":"https:\/\/alpine-world.com\/shop\/prodotto\/arcteryx-ion-chalk-bag-small\/"},"modified":"2026-04-04T06:11:14","modified_gmt":"2026-04-04T04:11:14","slug":"arcteryx-ion-chalk-bag-small","status":"publish","type":"product","link":"https:\/\/alpine-world.com\/shop\/fr\/produit\/arcteryx-ion-chalk-bag-small\/","title":{"rendered":"Arc'teryx Ion Chalk Bag Small"},"content":{"rendered":"<p>Le moment arrive toujours o\u00f9 il vous faut de la magn\u00e9sie au plus vite. Le sac Ion est con\u00e7u pour ces moments. Sa confection innovante pr\u00e9sente un contour rigide afin de garder le sac ouvert pour un acc\u00e8s plus facile. Un cordon de serrage le maintient bien ferm\u00e9 lors des trajets afin de r\u00e9duire au maximum la perte de magn\u00e9sie\u00a0; la ceinture est r\u00e9glable pour plus de confort et de stabilit\u00e9, la poche arri\u00e8re zipp\u00e9e accueille les petits accessoires essentiels et la boucle r\u00e9glable maintient votre brosse en place.<\/p>\n","protected":false},"excerpt":{"rendered":"<p>Le moment arrive toujours o\u00f9 il vous faut de la magn\u00e9sie au plus vite. Le sac Ion est con\u00e7u pour ces moments. Sa confection innovante pr\u00e9sente un contour rigide afin de garder le sac ouvert pour un acc\u00e8s plus facile. Un cordon de serrage le maintient bien ferm\u00e9 lors des trajets afin de r\u00e9duire au [&hellip;]<\/p>\n","protected":false},"featured_media":108313,"template":"","meta":{"_acf_changed":false,"_seopress_robots_primary_cat":"","_seopress_titles_title":"","_seopress_titles_desc":"","_seopress_robots_index":"","ep_exclude_from_search":false},"product_brand":[],"product_cat":[1028,962,969],"product_tag":[2984],"class_list":{"0":"post-108339","1":"product","2":"type-product","3":"status-publish","4":"has-post-thumbnail","6":"product_cat-escalade","7":"product_cat-materiel","8":"product_cat-magnesie-et-sacs-a-magnesie","9":"product_tag-escalade","10":"pa_categoria-sac-a-magnesie","11":"pa_colore-gris","12":"pa_colore-noir","13":"pa_colore-orange","14":"yith_product_brand-arcteryx-fr","16":"first","17":"outofstock","18":"taxable","19":"shipping-taxable","20":"product-type-variable"},"acf":[],"_links":{"self":[{"href":"https:\/\/alpine-world.com\/shop\/fr\/wp-json\/wp\/v2\/product\/108339","targetHints":{"allow":["GET"]}}],"collection":[{"href":"https:\/\/alpine-world.com\/shop\/fr\/wp-json\/wp\/v2\/product"}],"about":[{"href":"https:\/\/alpine-world.com\/shop\/fr\/wp-json\/wp\/v2\/types\/product"}],"wp:featuredmedia":[{"embeddable":true,"href":"https:\/\/alpine-world.com\/shop\/fr\/wp-json\/wp\/v2\/media\/108313"}],"wp:attachment":[{"href":"https:\/\/alpine-world.com\/shop\/fr\/wp-json\/wp\/v2\/media?parent=108339"}],"wp:term":[{"taxonomy":"product_brand","embeddable":true,"href":"https:\/\/alpine-world.com\/shop\/fr\/wp-json\/wp\/v2\/product_brand?post=108339"},{"taxonomy":"product_cat","embeddable":true,"href":"https:\/\/alpine-world.com\/shop\/fr\/wp-json\/wp\/v2\/product_cat?post=108339"},{"taxonomy":"product_tag","embeddable":true,"href":"https:\/\/alpine-world.com\/shop\/fr\/wp-json\/wp\/v2\/product_tag?post=108339"}],"curies":[{"name":"wp","href":"https:\/\/api.w.org\/{rel}","templated":true}]}}