{"id":107003,"date":"2022-11-25T13:31:52","date_gmt":"2022-11-25T12:31:52","guid":{"rendered":"https:\/\/alpine-world.com\/shop\/prodotto\/plum-oazo-8\/"},"modified":"2022-11-25T13:31:52","modified_gmt":"2022-11-25T12:31:52","slug":"plum-oazo-8","status":"publish","type":"product","link":"https:\/\/alpine-world.com\/shop\/fr\/produit\/plum-oazo-8\/","title":{"rendered":"Plum Oazo 8"},"content":{"rendered":"<p class=\"p1\"><span class=\"s1\">Ultra l\u00e9g\u00e8re sans n\u00e9gliger s\u00e9curit\u00e9 et confort, la fixation OAZO 8 c'est l'essence m\u00eame du ski de randonn\u00e9e selon Plum. Niveau s\u00e9curit\u00e9, elle dispose d'un d\u00e9clenchement lat\u00e9ral r\u00e9glable (DIN 4-10), et d'un d\u00e9clenchement frontal fixe \u00e0 8.<\/span><\/p>\n<p class=\"p1\"><span class=\"s1\">Pour seulement 200g par pied, la fixation OAZO dispose d\u2019une multitude de caract\u00e9ristiques :<br \/>\n<\/span>- 3 hauteur de cales (0- 40-54 mm)<br \/>\n- un rail de r\u00e9glage 25 mm (environ 3 pointures)<br \/>\n- d\u2019un support couteau amovible compatible avec tous les couteaux PLUM.<\/p>\n<p class=\"p1\">Elle est \u00e9galement compatibles avec de nombreuses options qui la rendent extr\u00eamement polyvalente :<br \/>\n- stop-ski amovible et l\u00e9ger<br \/>\n- leash<br \/>\n- cale appuie talon<\/p>\n<p class=\"p1\">Fixation garantie 3 ans.<\/p>\n","protected":false},"excerpt":{"rendered":"<p>Ultra l\u00e9g\u00e8re sans n\u00e9gliger s\u00e9curit\u00e9 et confort, la fixation OAZO 8 c'est l'essence m\u00eame du ski de randonn\u00e9e selon Plum. Niveau s\u00e9curit\u00e9, elle dispose d'un d\u00e9clenchement lat\u00e9ral r\u00e9glable (DIN 4-10), et d'un d\u00e9clenchement frontal fixe \u00e0 8. Pour seulement 200g par pied, la fixation OAZO dispose d\u2019une multitude de caract\u00e9ristiques : - 3 hauteur de [&hellip;]<\/p>\n","protected":false},"featured_media":107001,"template":"","meta":{"_acf_changed":false,"_seopress_robots_primary_cat":"","_seopress_titles_title":"","_seopress_titles_desc":"","_seopress_robots_index":"","ep_exclude_from_search":false},"product_brand":[],"product_cat":[1042,962,2032,1026],"product_tag":[2998],"class_list":{"0":"post-107003","1":"product","2":"type-product","3":"status-publish","4":"has-post-thumbnail","6":"product_cat-ski-alpinisme","7":"product_cat-materiel","8":"product_cat-fixations","9":"product_cat-soldes","10":"product_tag-ski-alpinisme","11":"yith_product_brand-plum-fr","13":"first","14":"outofstock","15":"sale","16":"taxable","17":"shipping-taxable","18":"purchasable","19":"product-type-simple"},"acf":[],"_links":{"self":[{"href":"https:\/\/alpine-world.com\/shop\/fr\/wp-json\/wp\/v2\/product\/107003","targetHints":{"allow":["GET"]}}],"collection":[{"href":"https:\/\/alpine-world.com\/shop\/fr\/wp-json\/wp\/v2\/product"}],"about":[{"href":"https:\/\/alpine-world.com\/shop\/fr\/wp-json\/wp\/v2\/types\/product"}],"wp:featuredmedia":[{"embeddable":true,"href":"https:\/\/alpine-world.com\/shop\/fr\/wp-json\/wp\/v2\/media\/107001"}],"wp:attachment":[{"href":"https:\/\/alpine-world.com\/shop\/fr\/wp-json\/wp\/v2\/media?parent=107003"}],"wp:term":[{"taxonomy":"product_brand","embeddable":true,"href":"https:\/\/alpine-world.com\/shop\/fr\/wp-json\/wp\/v2\/product_brand?post=107003"},{"taxonomy":"product_cat","embeddable":true,"href":"https:\/\/alpine-world.com\/shop\/fr\/wp-json\/wp\/v2\/product_cat?post=107003"},{"taxonomy":"product_tag","embeddable":true,"href":"https:\/\/alpine-world.com\/shop\/fr\/wp-json\/wp\/v2\/product_tag?post=107003"}],"curies":[{"name":"wp","href":"https:\/\/api.w.org\/{rel}","templated":true}]}}