{"id":106849,"date":"2022-11-18T16:39:24","date_gmt":"2022-11-18T15:39:24","guid":{"rendered":"https:\/\/alpine-world.com\/shop\/prodotto\/camp-geko-hot-evo\/"},"modified":"2026-04-04T06:11:15","modified_gmt":"2026-04-04T04:11:15","slug":"camp-geko-hot-evo","status":"publish","type":"product","link":"https:\/\/alpine-world.com\/shop\/fr\/produit\/camp-geko-hot-evo\/","title":{"rendered":"Camp Geko Hot Evo"},"content":{"rendered":"<p>Gant d'alpinisme caract\u00e9ris\u00e9 par une excellente isolation thermique, imperm\u00e9able et respirant gr\u00e2ce \u00e0 la membrane DRYZONE\u00ae. Gr\u00e2ce \u00e0 la construction et aux mat\u00e9riaux utilis\u00e9s, le Geko Hot Evo garantit douceur, souplesse et sensibilit\u00e9. Les impressions en silicone Grip'R sur la paume et les doigts assurent une adh\u00e9rence exceptionnelle sur les outils, renforc\u00e9e par le rembourrage PrimaLoft\u00ae Gold Eco Grip Control. Les inserts EVA de 3 mm sur tous les doigts (hors pouce) prot\u00e8gent efficacement les articulations lors de la progression en piolet-traction.<\/p>\n<p>&nbsp;<\/p>\n<div>\u2022 Construction con\u00e7ue pour garantir la meilleure combinaison de chaleur et de sensibilit\u00e9<\/div>\n<div>\u2022 Membrane DRYZONE\u00ae imperm\u00e9able et respirante<\/div>\n<div>\u2022 Rembourrage PrimaLoft\u00ae Gold 100 g\/m\u00b2 sur le dessus et rembourrage PrimaLoft\u00ae Gold Eco Grip Control 100 g\/m\u00b2 sur la paume<\/div>\n<div>\u2022 Paume et doigts avec imprim\u00e9s silicone Grip'R pour une adh\u00e9rence exceptionnelle<\/div>\n<div>\u2022 Doigts pr\u00e9form\u00e9s pour faciliter la prise sur les piolets<\/div>\n<div>\u2022 Doigts avec rembourrage EVA de 3 mm pour la protection des articulations<\/div>\n<div>\u2022 Pouce et index pour \u00e9cran tactile<\/div>\n<div>\u2022 Poignet avec dragonne et tirette pour enfiler le gant<\/div>\n<div>\u2022 Tirette sur le doigt pour accrocher le gant lorsqu'il n'est pas utilis\u00e9<\/div>\n<div>\u2022 Boucles pour attacher les gants ensemble<\/div>\n","protected":false},"excerpt":{"rendered":"<p>Gant d'alpinisme caract\u00e9ris\u00e9 par une excellente isolation thermique, imperm\u00e9able et respirant gr\u00e2ce \u00e0 la membrane DRYZONE\u00ae. Gr\u00e2ce \u00e0 la construction et aux mat\u00e9riaux utilis\u00e9s, le Geko Hot Evo garantit douceur, souplesse et sensibilit\u00e9. Les impressions en silicone Grip'R sur la paume et les doigts assurent une adh\u00e9rence exceptionnelle sur les outils, renforc\u00e9e par le rembourrage [&hellip;]<\/p>\n","protected":false},"featured_media":106693,"template":"","meta":{"_acf_changed":false,"_seopress_robots_primary_cat":"","_seopress_titles_title":"","_seopress_titles_desc":"","_seopress_robots_index":"","ep_exclude_from_search":false},"product_brand":[],"product_cat":[1041,1042,1044,924,1988,1989,1986,1987],"product_tag":[2983,2988,2998],"class_list":{"0":"post-106849","1":"product","2":"type-product","3":"status-publish","4":"has-post-thumbnail","6":"product_cat-alpinisme","7":"product_cat-ski-alpinisme","8":"product_cat-randonnee","9":"product_cat-vetements","10":"product_cat-femme","11":"product_cat-gants-femme-vetements","12":"product_cat-homme-vetements","13":"product_cat-gants-homme-vetements","14":"product_tag-alpinisme","15":"product_tag-randonnee","16":"product_tag-ski-alpinisme","17":"pa_colore-noir-gris","18":"pa_taglia-s-fr","19":"pa_taglia-m-fr","20":"pa_taglia-l-fr","21":"pa_taglia-xl-fr","22":"pa_taglia-xxl-fr","23":"yith_product_brand-camp-fr","25":"first","26":"instock","27":"sale","28":"taxable","29":"shipping-taxable","30":"purchasable","31":"product-type-variable"},"acf":[],"_links":{"self":[{"href":"https:\/\/alpine-world.com\/shop\/fr\/wp-json\/wp\/v2\/product\/106849","targetHints":{"allow":["GET"]}}],"collection":[{"href":"https:\/\/alpine-world.com\/shop\/fr\/wp-json\/wp\/v2\/product"}],"about":[{"href":"https:\/\/alpine-world.com\/shop\/fr\/wp-json\/wp\/v2\/types\/product"}],"wp:featuredmedia":[{"embeddable":true,"href":"https:\/\/alpine-world.com\/shop\/fr\/wp-json\/wp\/v2\/media\/106693"}],"wp:attachment":[{"href":"https:\/\/alpine-world.com\/shop\/fr\/wp-json\/wp\/v2\/media?parent=106849"}],"wp:term":[{"taxonomy":"product_brand","embeddable":true,"href":"https:\/\/alpine-world.com\/shop\/fr\/wp-json\/wp\/v2\/product_brand?post=106849"},{"taxonomy":"product_cat","embeddable":true,"href":"https:\/\/alpine-world.com\/shop\/fr\/wp-json\/wp\/v2\/product_cat?post=106849"},{"taxonomy":"product_tag","embeddable":true,"href":"https:\/\/alpine-world.com\/shop\/fr\/wp-json\/wp\/v2\/product_tag?post=106849"}],"curies":[{"name":"wp","href":"https:\/\/api.w.org\/{rel}","templated":true}]}}