{"id":106507,"date":"2022-11-09T18:48:23","date_gmt":"2022-11-09T17:48:23","guid":{"rendered":"https:\/\/alpine-world.com\/shop\/prodotto\/mammut-taiss-in-hooded-jkt-women\/"},"modified":"2026-04-26T06:11:13","modified_gmt":"2026-04-26T04:11:13","slug":"mammut-taiss-in-hooded-jkt-women","status":"publish","type":"product","link":"https:\/\/alpine-world.com\/shop\/fr\/produit\/mammut-taiss-in-hooded-jkt-women\/","title":{"rendered":"Mammut Taiss IN Hooded Jkt Women"},"content":{"rendered":"<p>En randonn\u00e9e \u00e0 ski, \u00e0 pied ou en alpinisme, cette veste n\u2019a qu\u2019un seul objectif\u00a0: te tenir chaud avec le plus de l\u00e9g\u00e8ret\u00e9 possible. Son extraordinaire rapport chaleur\/poids est d\u00fb \u00e0 l\u2019association de nylon ripstop ultral\u00e9ger r\u00e9sistant \u00e0 l\u2019abrasion et de duvet d\u2019oie au pouvoir gonflant de 900\u00a0cuin.\u00a0Strat\u00e9giquement plac\u00e9 sur les zones qui en ont le plus besoin, le matelassage synth\u00e9tique offre une excellente isolation thermique, m\u00eame en cas d\u2019humidit\u00e9. Cette veste isolante polyvalente se porte aussi bien en couche interm\u00e9diaire chaude qu\u2019en couche ext\u00e9rieure, par temps froid et sec. Compressible, elle ne p\u00e8se presque rien. Tu n\u2019as donc plus d\u2019excuse\u00a0: tu peux glisser la Taiss IN Hooded Jacket dans ton sac \u00e0 dos d\u00e8s que tu pars en montagne.<\/p>\n","protected":false},"excerpt":{"rendered":"<p>En randonn\u00e9e \u00e0 ski, \u00e0 pied ou en alpinisme, cette veste n\u2019a qu\u2019un seul objectif\u00a0: te tenir chaud avec le plus de l\u00e9g\u00e8ret\u00e9 possible. Son extraordinaire rapport chaleur\/poids est d\u00fb \u00e0 l\u2019association de nylon ripstop ultral\u00e9ger r\u00e9sistant \u00e0 l\u2019abrasion et de duvet d\u2019oie au pouvoir gonflant de 900\u00a0cuin.\u00a0Strat\u00e9giquement plac\u00e9 sur les zones qui en ont [&hellip;]<\/p>\n","protected":false},"featured_media":116666,"template":"","meta":{"_acf_changed":false,"_seopress_robots_primary_cat":"","_seopress_titles_title":"","_seopress_titles_desc":"","_seopress_robots_index":"","ep_exclude_from_search":false},"product_brand":[],"product_cat":[1041,1040,1988,1044,1042,1026,1039,2020,924],"product_tag":[2983,2997,2988,2998,2986],"class_list":{"0":"post-106507","1":"product","2":"type-product","3":"status-publish","4":"has-post-thumbnail","6":"product_cat-alpinisme","7":"product_cat-cascade-de-glace","8":"product_cat-femme","9":"product_cat-randonnee","10":"product_cat-ski-alpinisme","11":"product_cat-soldes","12":"product_cat-free-time-fr","13":"product_cat-vestes-et-gilets-femme","14":"product_cat-vetements","15":"product_tag-alpinisme","16":"product_tag-cascade-de-glace","17":"product_tag-randonnee","18":"product_tag-ski-alpinisme","19":"product_tag-temps-libre","20":"pa_caratteristiche-vestes-chaudes","21":"pa_colore-blanc-bleu","22":"pa_colore-vert","23":"pa_materiale-isolation-synthetique","24":"pa_materiale-plume","25":"pa_taglia-m-fr","26":"pa_taglia-s-fr","27":"pa_taglia-xs-fr","28":"yith_product_brand-mammut-fr","30":"first","31":"outofstock","32":"taxable","33":"shipping-taxable","34":"product-type-variable"},"acf":[],"_links":{"self":[{"href":"https:\/\/alpine-world.com\/shop\/fr\/wp-json\/wp\/v2\/product\/106507","targetHints":{"allow":["GET"]}}],"collection":[{"href":"https:\/\/alpine-world.com\/shop\/fr\/wp-json\/wp\/v2\/product"}],"about":[{"href":"https:\/\/alpine-world.com\/shop\/fr\/wp-json\/wp\/v2\/types\/product"}],"wp:featuredmedia":[{"embeddable":true,"href":"https:\/\/alpine-world.com\/shop\/fr\/wp-json\/wp\/v2\/media\/116666"}],"wp:attachment":[{"href":"https:\/\/alpine-world.com\/shop\/fr\/wp-json\/wp\/v2\/media?parent=106507"}],"wp:term":[{"taxonomy":"product_brand","embeddable":true,"href":"https:\/\/alpine-world.com\/shop\/fr\/wp-json\/wp\/v2\/product_brand?post=106507"},{"taxonomy":"product_cat","embeddable":true,"href":"https:\/\/alpine-world.com\/shop\/fr\/wp-json\/wp\/v2\/product_cat?post=106507"},{"taxonomy":"product_tag","embeddable":true,"href":"https:\/\/alpine-world.com\/shop\/fr\/wp-json\/wp\/v2\/product_tag?post=106507"}],"curies":[{"name":"wp","href":"https:\/\/api.w.org\/{rel}","templated":true}]}}