{"id":106501,"date":"2022-11-09T18:59:20","date_gmt":"2022-11-09T17:59:20","guid":{"rendered":"https:\/\/alpine-world.com\/shop\/prodotto\/mammut-taiss-pro-hs-hooded-jkt-women\/"},"modified":"2026-04-03T06:11:13","modified_gmt":"2026-04-03T04:11:13","slug":"mammut-taiss-pro-hs-hooded-jkt-women","status":"publish","type":"product","link":"https:\/\/alpine-world.com\/shop\/fr\/produit\/mammut-taiss-pro-hs-hooded-jkt-women\/","title":{"rendered":"Mammut Taiss Pro HS Hooded Jkt Women"},"content":{"rendered":"<p>Grande s\u0153ur de la veste Hard Shell Taiss, la Taiss Pro Hooded Jacket est notre veste Hard Shell robuste, durable et ultrafonctionnelle, capable de relever tous les d\u00e9fis qu\u2019elle pourra rencontrer en montagne\u00a0: des ascensions sur parois verticales dures et glac\u00e9es aux descentes dans de longs ravins\u00a0abrupts. La mati\u00e8re ext\u00e9rieure \u00e9lastique en nylon haut de gamme est extr\u00eamement r\u00e9sistante et, associ\u00e9e \u00e0 la coupe \u00e9pur\u00e9e, garantit une excellente libert\u00e9 de mouvement. Ses caract\u00e9ristiques r\u00e9pondent \u00e0 toutes les attentes. La ventilation sous les bras est assur\u00e9e par des fermetures \u00e9clair bidirectionnelles, les poches int\u00e9rieures ainsi que les poches ext\u00e9rieures plac\u00e9es plus haut, compatibles avec le port d\u2019un harnais, offrent un volume g\u00e9n\u00e9reux. Gr\u00e2ce \u00e0 ses caract\u00e9ristiques sp\u00e9cifiques aux sports de neige, comme la jupe pare-neige amovible, la petite poche pour forfait ou la capuche compatible avec un casque, cette veste offre une remarquable polyvalence aux plus fervents passionn\u00e9s de montagne. Une veste Hard Shell extr\u00eamement r\u00e9sistante, ultrafonctionnelle et polyvalente, id\u00e9ale pour toutes les activit\u00e9s techniques en montagne.<\/p>\n","protected":false},"excerpt":{"rendered":"<p>Grande s\u0153ur de la veste Hard Shell Taiss, la Taiss Pro Hooded Jacket est notre veste Hard Shell robuste, durable et ultrafonctionnelle, capable de relever tous les d\u00e9fis qu\u2019elle pourra rencontrer en montagne\u00a0: des ascensions sur parois verticales dures et glac\u00e9es aux descentes dans de longs ravins\u00a0abrupts. La mati\u00e8re ext\u00e9rieure \u00e9lastique en nylon haut de [&hellip;]<\/p>\n","protected":false},"featured_media":116651,"template":"","meta":{"_acf_changed":false,"_seopress_robots_primary_cat":"","_seopress_titles_title":"","_seopress_titles_desc":"","_seopress_robots_index":"","ep_exclude_from_search":false},"product_brand":[],"product_cat":[1041,1040,1029,1042,924,1988,2020,1026],"product_tag":[2983,2997,2985,2998],"class_list":{"0":"post-106501","1":"product","2":"type-product","3":"status-publish","4":"has-post-thumbnail","6":"product_cat-alpinisme","7":"product_cat-cascade-de-glace","8":"product_cat-freeride-fr","9":"product_cat-ski-alpinisme","10":"product_cat-vetements","11":"product_cat-femme","12":"product_cat-vestes-et-gilets-femme","13":"product_cat-soldes","14":"product_tag-alpinisme","15":"product_tag-cascade-de-glace","16":"product_tag-freeride-fr","17":"product_tag-ski-alpinisme","18":"pa_caratteristiche-vestes-impermeables","19":"pa_colore-bleu-fonce","20":"pa_colore-bleu-rouge","21":"pa_taglia-xs-fr","22":"pa_taglia-s-fr","23":"pa_taglia-m-fr","24":"yith_product_brand-mammut-fr","26":"first","27":"instock","28":"sale","29":"taxable","30":"shipping-taxable","31":"purchasable","32":"product-type-variable"},"acf":[],"_links":{"self":[{"href":"https:\/\/alpine-world.com\/shop\/fr\/wp-json\/wp\/v2\/product\/106501","targetHints":{"allow":["GET"]}}],"collection":[{"href":"https:\/\/alpine-world.com\/shop\/fr\/wp-json\/wp\/v2\/product"}],"about":[{"href":"https:\/\/alpine-world.com\/shop\/fr\/wp-json\/wp\/v2\/types\/product"}],"wp:featuredmedia":[{"embeddable":true,"href":"https:\/\/alpine-world.com\/shop\/fr\/wp-json\/wp\/v2\/media\/116651"}],"wp:attachment":[{"href":"https:\/\/alpine-world.com\/shop\/fr\/wp-json\/wp\/v2\/media?parent=106501"}],"wp:term":[{"taxonomy":"product_brand","embeddable":true,"href":"https:\/\/alpine-world.com\/shop\/fr\/wp-json\/wp\/v2\/product_brand?post=106501"},{"taxonomy":"product_cat","embeddable":true,"href":"https:\/\/alpine-world.com\/shop\/fr\/wp-json\/wp\/v2\/product_cat?post=106501"},{"taxonomy":"product_tag","embeddable":true,"href":"https:\/\/alpine-world.com\/shop\/fr\/wp-json\/wp\/v2\/product_tag?post=106501"}],"curies":[{"name":"wp","href":"https:\/\/api.w.org\/{rel}","templated":true}]}}