{"id":106257,"date":"2022-10-29T16:14:22","date_gmt":"2022-10-29T14:14:22","guid":{"rendered":"https:\/\/alpine-world.com\/shop\/prodotto\/black-diamond-glissade-2\/"},"modified":"2026-04-04T06:11:15","modified_gmt":"2026-04-04T04:11:15","slug":"black-diamond-glissade-2","status":"publish","type":"product","link":"https:\/\/alpine-world.com\/shop\/fr\/produit\/black-diamond-glissade-2\/","title":{"rendered":"Black Diamond Glissade"},"content":{"rendered":"<p>Le Glissade est notre meilleure protection polyvalente pour l\u2019alpinisme. Pour les courses hivernales ou les grandes classiques au printemps, le Glissade est notre gant quatre saisons haute performance. Ultra polyvalent, ce gant est une valeur s\u00fbre combinant fonctionnalit\u00e9 et efficacit\u00e9. Dot\u00e9 d'un insert Bd.dry\u2122 100 % imperm\u00e9able, d'une membrane ext\u00e9rieure trait\u00e9e au d\u00e9perlant \u00e9cologique Empel DWR et d\u2019une manchette \u00e0 fermeture rapide, le Glissade se joue des bourrasques, des giboul\u00e9es et de la neige mouill\u00e9e. Une doublure en polaire et une isolation en Thinsulate\u00ae font barri\u00e8re aux temp\u00e9ratures basses; la paume en cuir de ch\u00e8vre renforc\u00e9 r\u00e9siste \u00e0 une utilisation intensive en montagne.<\/p>\n","protected":false},"excerpt":{"rendered":"<p>Le Glissade est notre meilleure protection polyvalente pour l\u2019alpinisme. Pour les courses hivernales ou les grandes classiques au printemps, le Glissade est notre gant quatre saisons haute performance. Ultra polyvalent, ce gant est une valeur s\u00fbre combinant fonctionnalit\u00e9 et efficacit\u00e9. Dot\u00e9 d'un insert Bd.dry\u2122 100 % imperm\u00e9able, d'une membrane ext\u00e9rieure trait\u00e9e au d\u00e9perlant \u00e9cologique Empel [&hellip;]<\/p>\n","protected":false},"featured_media":106227,"template":"","meta":{"_acf_changed":false,"_seopress_robots_primary_cat":"","_seopress_titles_title":"","_seopress_titles_desc":"","_seopress_robots_index":"","ep_exclude_from_search":false},"product_brand":[],"product_cat":[1041,1029,1042,924,1989,1986,1987],"product_tag":[2983,2985,2998],"class_list":{"0":"post-106257","1":"product","2":"type-product","3":"status-publish","4":"has-post-thumbnail","6":"product_cat-alpinisme","7":"product_cat-freeride-fr","8":"product_cat-ski-alpinisme","9":"product_cat-vetements","10":"product_cat-gants-femme-vetements","11":"product_cat-homme-vetements","12":"product_cat-gants-homme-vetements","13":"product_tag-alpinisme","14":"product_tag-freeride-fr","15":"product_tag-ski-alpinisme","16":"pa_colore-noir","17":"pa_taglia-xs-fr","18":"pa_taglia-s-fr","19":"pa_taglia-m-fr","20":"pa_taglia-l-fr","21":"pa_taglia-xl-fr","22":"yith_product_brand-black-diamond-fr","24":"first","25":"instock","26":"sale","27":"taxable","28":"shipping-taxable","29":"purchasable","30":"product-type-variable"},"acf":[],"_links":{"self":[{"href":"https:\/\/alpine-world.com\/shop\/fr\/wp-json\/wp\/v2\/product\/106257","targetHints":{"allow":["GET"]}}],"collection":[{"href":"https:\/\/alpine-world.com\/shop\/fr\/wp-json\/wp\/v2\/product"}],"about":[{"href":"https:\/\/alpine-world.com\/shop\/fr\/wp-json\/wp\/v2\/types\/product"}],"wp:featuredmedia":[{"embeddable":true,"href":"https:\/\/alpine-world.com\/shop\/fr\/wp-json\/wp\/v2\/media\/106227"}],"wp:attachment":[{"href":"https:\/\/alpine-world.com\/shop\/fr\/wp-json\/wp\/v2\/media?parent=106257"}],"wp:term":[{"taxonomy":"product_brand","embeddable":true,"href":"https:\/\/alpine-world.com\/shop\/fr\/wp-json\/wp\/v2\/product_brand?post=106257"},{"taxonomy":"product_cat","embeddable":true,"href":"https:\/\/alpine-world.com\/shop\/fr\/wp-json\/wp\/v2\/product_cat?post=106257"},{"taxonomy":"product_tag","embeddable":true,"href":"https:\/\/alpine-world.com\/shop\/fr\/wp-json\/wp\/v2\/product_tag?post=106257"}],"curies":[{"name":"wp","href":"https:\/\/api.w.org\/{rel}","templated":true}]}}