{"id":106249,"date":"2022-10-29T16:31:17","date_gmt":"2022-10-29T14:31:17","guid":{"rendered":"https:\/\/alpine-world.com\/shop\/?post_type=product&#038;p=106249"},"modified":"2022-10-31T15:39:12","modified_gmt":"2022-10-31T14:39:12","slug":"black-diamond-recon-x","status":"publish","type":"product","link":"https:\/\/alpine-world.com\/shop\/fr\/produit\/black-diamond-recon-x\/","title":{"rendered":"Black Diamond Recon X"},"content":{"rendered":"<p>Le DVA Recon X est \u00e9quip\u00e9 de toutes les fonctionnalit\u00e9s n\u00e9cessaires pour effectuer des recherches rapides et pr\u00e9cises en cas d\u2019avalanche, y compris la fonction Bluetooth qui permet la gestion des r\u00e9glages et les mises \u00e0 jour logicielles \u00e0 partir de votre smartphone. Offrant une port\u00e9e de 60 m\u00e8tres ainsi que trois antennes pour une localisation des plus pr\u00e9cises, le Recon X est un mod\u00e8le minimaliste id\u00e9al pour les sorties quotidiennes en montagne hors des zones s\u00e9curis\u00e9es. Confortable et l\u00e9ger, le harnais de transport inclus fournit un rangement efficace et une manipulation rapide du DVA en situation d'urgence.<\/p>\n","protected":false},"excerpt":{"rendered":"<p>Le DVA Recon X est \u00e9quip\u00e9 de toutes les fonctionnalit\u00e9s n\u00e9cessaires pour effectuer des recherches rapides et pr\u00e9cises en cas d\u2019avalanche, y compris la fonction Bluetooth qui permet la gestion des r\u00e9glages et les mises \u00e0 jour logicielles \u00e0 partir de votre smartphone. Offrant une port\u00e9e de 60 m\u00e8tres ainsi que trois antennes pour une [&hellip;]<\/p>\n","protected":false},"featured_media":106242,"template":"","meta":{"_acf_changed":false,"_seopress_robots_primary_cat":"","_seopress_titles_title":"","_seopress_titles_desc":"","_seopress_robots_index":"","ep_exclude_from_search":false},"product_brand":[],"product_cat":[1041,1029,962,2014,1042],"product_tag":[2983,2985,2998],"class_list":{"0":"post-106249","1":"product","2":"type-product","3":"status-publish","4":"has-post-thumbnail","6":"product_cat-alpinisme","7":"product_cat-freeride-fr","8":"product_cat-materiel","9":"product_cat-secours-en-avalanche","10":"product_cat-ski-alpinisme","11":"product_tag-alpinisme","12":"product_tag-freeride-fr","13":"product_tag-ski-alpinisme","14":"pa_categoria-dva","15":"yith_product_brand-black-diamond-fr","17":"first","18":"outofstock","19":"sale","20":"taxable","21":"shipping-taxable","22":"purchasable","23":"product-type-simple"},"acf":[],"_links":{"self":[{"href":"https:\/\/alpine-world.com\/shop\/fr\/wp-json\/wp\/v2\/product\/106249","targetHints":{"allow":["GET"]}}],"collection":[{"href":"https:\/\/alpine-world.com\/shop\/fr\/wp-json\/wp\/v2\/product"}],"about":[{"href":"https:\/\/alpine-world.com\/shop\/fr\/wp-json\/wp\/v2\/types\/product"}],"wp:featuredmedia":[{"embeddable":true,"href":"https:\/\/alpine-world.com\/shop\/fr\/wp-json\/wp\/v2\/media\/106242"}],"wp:attachment":[{"href":"https:\/\/alpine-world.com\/shop\/fr\/wp-json\/wp\/v2\/media?parent=106249"}],"wp:term":[{"taxonomy":"product_brand","embeddable":true,"href":"https:\/\/alpine-world.com\/shop\/fr\/wp-json\/wp\/v2\/product_brand?post=106249"},{"taxonomy":"product_cat","embeddable":true,"href":"https:\/\/alpine-world.com\/shop\/fr\/wp-json\/wp\/v2\/product_cat?post=106249"},{"taxonomy":"product_tag","embeddable":true,"href":"https:\/\/alpine-world.com\/shop\/fr\/wp-json\/wp\/v2\/product_tag?post=106249"}],"curies":[{"name":"wp","href":"https:\/\/api.w.org\/{rel}","templated":true}]}}