{"id":105367,"date":"2022-10-18T12:01:23","date_gmt":"2022-10-18T10:01:23","guid":{"rendered":"https:\/\/alpine-world.com\/shop\/prodotto\/volkl-rise-beyond-96-w\/"},"modified":"2026-04-04T06:11:16","modified_gmt":"2026-04-04T04:11:16","slug":"volkl-rise-beyond-96-w","status":"publish","type":"product","link":"https:\/\/alpine-world.com\/shop\/fr\/produit\/volkl-rise-beyond-96-w\/","title":{"rendered":"Volkl Rise Beyond 96 W"},"content":{"rendered":"<p>Le Rise Beyond 96 W est disponible en quatre longueurs diff\u00e9rentes. Avec son rocker en spatule, le mod\u00e8le le plus large de la collection de skis de randonn\u00e9e con\u00e7us pour les femmes offre une flottaison extraordinaire, y compris lors des descentes en poudreuse ultra-souple. Associ\u00e9 \u00e0 une spatule en carbone, le noyau bois multicouche all\u00e9g\u00e9 offre un design \u00e0 la fois tr\u00e8s l\u00e9ger (&lt; 1\u00a0262\u00a0 pour 170\u00a0cm) et r\u00e9sistant, faisant ainsi de ce ski un partenaire fiable lors des mont\u00e9es au long cours. Le design de lignes de cotes \u00e0 rayon 3D conf\u00e8re \u00e0 ce ski ultra-vif une glisse de r\u00eave, tant dans les longs et larges virages en poudreuse que dans les passages \u00e9troits requ\u00e9rant une agilit\u00e9 \u00e9lev\u00e9e.<\/p>\n","protected":false},"excerpt":{"rendered":"<p>Le Rise Beyond 96 W est disponible en quatre longueurs diff\u00e9rentes. Avec son rocker en spatule, le mod\u00e8le le plus large de la collection de skis de randonn\u00e9e con\u00e7us pour les femmes offre une flottaison extraordinaire, y compris lors des descentes en poudreuse ultra-souple. Associ\u00e9 \u00e0 une spatule en carbone, le noyau bois multicouche all\u00e9g\u00e9 [&hellip;]<\/p>\n","protected":false},"featured_media":105331,"template":"","meta":{"_acf_changed":false,"_seopress_robots_primary_cat":"","_seopress_titles_title":"","_seopress_titles_desc":"","_seopress_robots_index":"","ep_exclude_from_search":false},"product_brand":[],"product_cat":[1042,962,2027,1026],"product_tag":[2998],"class_list":{"0":"post-105367","1":"product","2":"type-product","3":"status-publish","4":"has-post-thumbnail","6":"product_cat-ski-alpinisme","7":"product_cat-materiel","8":"product_cat-skis-materiel","9":"product_cat-soldes","10":"product_tag-ski-alpinisme","11":"pa_genere-femme","12":"pa_lunghezza-156-cm-fr","13":"pa_lunghezza-163-cm-fr","14":"yith_product_brand-volkl-fr","16":"first","17":"instock","18":"sale","19":"taxable","20":"shipping-taxable","21":"purchasable","22":"product-type-variable"},"acf":[],"_links":{"self":[{"href":"https:\/\/alpine-world.com\/shop\/fr\/wp-json\/wp\/v2\/product\/105367","targetHints":{"allow":["GET"]}}],"collection":[{"href":"https:\/\/alpine-world.com\/shop\/fr\/wp-json\/wp\/v2\/product"}],"about":[{"href":"https:\/\/alpine-world.com\/shop\/fr\/wp-json\/wp\/v2\/types\/product"}],"wp:featuredmedia":[{"embeddable":true,"href":"https:\/\/alpine-world.com\/shop\/fr\/wp-json\/wp\/v2\/media\/105331"}],"wp:attachment":[{"href":"https:\/\/alpine-world.com\/shop\/fr\/wp-json\/wp\/v2\/media?parent=105367"}],"wp:term":[{"taxonomy":"product_brand","embeddable":true,"href":"https:\/\/alpine-world.com\/shop\/fr\/wp-json\/wp\/v2\/product_brand?post=105367"},{"taxonomy":"product_cat","embeddable":true,"href":"https:\/\/alpine-world.com\/shop\/fr\/wp-json\/wp\/v2\/product_cat?post=105367"},{"taxonomy":"product_tag","embeddable":true,"href":"https:\/\/alpine-world.com\/shop\/fr\/wp-json\/wp\/v2\/product_tag?post=105367"}],"curies":[{"name":"wp","href":"https:\/\/api.w.org\/{rel}","templated":true}]}}