{"id":104647,"date":"2022-10-08T12:17:31","date_gmt":"2022-10-08T10:17:31","guid":{"rendered":"https:\/\/alpine-world.com\/shop\/?post_type=product&#038;p=104647"},"modified":"2022-10-08T15:46:29","modified_gmt":"2022-10-08T13:46:29","slug":"black-diamod-sabretooth-pro","status":"publish","type":"product","link":"https:\/\/alpine-world.com\/shop\/fr\/produit\/black-diamod-sabretooth-pro\/","title":{"rendered":"Black Diamod Sabretooth Pro"},"content":{"rendered":"<p>Des cascades de glace de niveau mod\u00e9r\u00e9 aux grandes voies d'alpinisme et aux faces nord techniques, le Black Diamond Sabretooth est le plus polyvalent de nos crampons et convient \u00e0 une large palette de courses en glace. Redessin\u00e9e, sa construction en acier inoxydable ne cache pas ses atouts : un design \u00e0 la fois l\u00e9ger et robuste, des pointes frontales horizontales r\u00e9sistantes \u00e0 l'usure, un cadre avant avec rocker compatible avec les chaussures nouvelle g\u00e9n\u00e9ration \u00e0 semelle incurv\u00e9e. Si les deux pointes auxiliaires ont \u00e9t\u00e9 optimis\u00e9es pour plus de pr\u00e9cision, l'ensemble offre aussi une plateforme stable et \u00e9quilibr\u00e9e adapt\u00e9e \u00e0 la descente et aux pentes faibles.<\/p>\n","protected":false},"excerpt":{"rendered":"<p>Des cascades de glace de niveau mod\u00e9r\u00e9 aux grandes voies d'alpinisme et aux faces nord techniques, le Black Diamond Sabretooth est le plus polyvalent de nos crampons et convient \u00e0 une large palette de courses en glace. Redessin\u00e9e, sa construction en acier inoxydable ne cache pas ses atouts : un design \u00e0 la fois l\u00e9ger [&hellip;]<\/p>\n","protected":false},"featured_media":104650,"template":"","meta":{"_acf_changed":false,"_seopress_robots_primary_cat":"","_seopress_titles_title":"","_seopress_titles_desc":"","_seopress_robots_index":"","ep_exclude_from_search":false},"product_brand":[],"product_cat":[1041,962,1991],"product_tag":[2983],"class_list":{"0":"post-104647","1":"product","2":"type-product","3":"status-publish","4":"has-post-thumbnail","6":"product_cat-alpinisme","7":"product_cat-materiel","8":"product_cat-crampons-fr","9":"product_tag-alpinisme","10":"pa_caratteristiche-automatiques","11":"yith_product_brand-black-diamond-fr","13":"first","14":"outofstock","15":"sale","16":"taxable","17":"shipping-taxable","18":"purchasable","19":"product-type-simple"},"acf":[],"_links":{"self":[{"href":"https:\/\/alpine-world.com\/shop\/fr\/wp-json\/wp\/v2\/product\/104647","targetHints":{"allow":["GET"]}}],"collection":[{"href":"https:\/\/alpine-world.com\/shop\/fr\/wp-json\/wp\/v2\/product"}],"about":[{"href":"https:\/\/alpine-world.com\/shop\/fr\/wp-json\/wp\/v2\/types\/product"}],"wp:featuredmedia":[{"embeddable":true,"href":"https:\/\/alpine-world.com\/shop\/fr\/wp-json\/wp\/v2\/media\/104650"}],"wp:attachment":[{"href":"https:\/\/alpine-world.com\/shop\/fr\/wp-json\/wp\/v2\/media?parent=104647"}],"wp:term":[{"taxonomy":"product_brand","embeddable":true,"href":"https:\/\/alpine-world.com\/shop\/fr\/wp-json\/wp\/v2\/product_brand?post=104647"},{"taxonomy":"product_cat","embeddable":true,"href":"https:\/\/alpine-world.com\/shop\/fr\/wp-json\/wp\/v2\/product_cat?post=104647"},{"taxonomy":"product_tag","embeddable":true,"href":"https:\/\/alpine-world.com\/shop\/fr\/wp-json\/wp\/v2\/product_tag?post=104647"}],"curies":[{"name":"wp","href":"https:\/\/api.w.org\/{rel}","templated":true}]}}