{"id":103752,"date":"2022-08-26T12:39:09","date_gmt":"2022-08-26T10:39:09","guid":{"rendered":"https:\/\/alpine-world.com\/shop\/prodotto\/blue-ice-dragonfly-26-l\/"},"modified":"2026-04-04T06:11:18","modified_gmt":"2026-04-04T04:11:18","slug":"blue-ice-dragonfly-26-l","status":"publish","type":"product","link":"https:\/\/alpine-world.com\/shop\/fr\/produit\/blue-ice-dragonfly-26-l\/","title":{"rendered":"Blue Ice Dragonfly 26 L"},"content":{"rendered":"<p>Le Blue Ice Dragonfly 26L b\u00e9n\u00e9ficie de poches lat\u00e9rales asym\u00e9triques en stretch permettant un acc\u00e8s facilit\u00e9 au mat\u00e9riel m\u00eame en mouvement. Son fit a \u00e9t\u00e9 totalement revu pour s'adapter \u00e0 toutes les silhouettes et apporter un maximum de confort au portage et il utilise un mesh extr\u00eamement respirant. Les bretelles en mousse permettent un transfert du poids optimum. Il est \u00e9galement r\u00e9sistant \u00e0 l'eau gr\u00e2ce \u00e0 sa mati\u00e8re et ses zips YKK.<\/p>\n","protected":false},"excerpt":{"rendered":"<p>Le Blue Ice Dragonfly 26L b\u00e9n\u00e9ficie de poches lat\u00e9rales asym\u00e9triques en stretch permettant un acc\u00e8s facilit\u00e9 au mat\u00e9riel m\u00eame en mouvement. Son fit a \u00e9t\u00e9 totalement revu pour s'adapter \u00e0 toutes les silhouettes et apporter un maximum de confort au portage et il utilise un mesh extr\u00eamement respirant. Les bretelles en mousse permettent un transfert [&hellip;]<\/p>\n","protected":false},"featured_media":103568,"template":"","meta":{"_acf_changed":false,"_seopress_robots_primary_cat":"","_seopress_titles_title":"","_seopress_titles_desc":"","_seopress_robots_index":"","ep_exclude_from_search":false},"product_brand":[],"product_cat":[1041,1028,1040,962,966],"product_tag":[2983,2997,2984],"class_list":{"0":"post-103752","1":"product","2":"type-product","3":"status-publish","4":"has-post-thumbnail","6":"product_cat-alpinisme","7":"product_cat-escalade","8":"product_cat-cascade-de-glace","9":"product_cat-materiel","10":"product_cat-sacs-a-dos","11":"product_tag-alpinisme","12":"product_tag-cascade-de-glace","13":"product_tag-escalade","14":"pa_colore-bleu","15":"pa_colore-orange","16":"pa_colore-violet","17":"pa_genere-femme","18":"pa_genere-homme","19":"pa_genere-unisex-fr","20":"pa_taglia-taille-unique","21":"yith_product_brand-blue-ice-fr","23":"first","24":"instock","25":"sale","26":"taxable","27":"shipping-taxable","28":"purchasable","29":"product-type-variable"},"acf":[],"_links":{"self":[{"href":"https:\/\/alpine-world.com\/shop\/fr\/wp-json\/wp\/v2\/product\/103752","targetHints":{"allow":["GET"]}}],"collection":[{"href":"https:\/\/alpine-world.com\/shop\/fr\/wp-json\/wp\/v2\/product"}],"about":[{"href":"https:\/\/alpine-world.com\/shop\/fr\/wp-json\/wp\/v2\/types\/product"}],"wp:featuredmedia":[{"embeddable":true,"href":"https:\/\/alpine-world.com\/shop\/fr\/wp-json\/wp\/v2\/media\/103568"}],"wp:attachment":[{"href":"https:\/\/alpine-world.com\/shop\/fr\/wp-json\/wp\/v2\/media?parent=103752"}],"wp:term":[{"taxonomy":"product_brand","embeddable":true,"href":"https:\/\/alpine-world.com\/shop\/fr\/wp-json\/wp\/v2\/product_brand?post=103752"},{"taxonomy":"product_cat","embeddable":true,"href":"https:\/\/alpine-world.com\/shop\/fr\/wp-json\/wp\/v2\/product_cat?post=103752"},{"taxonomy":"product_tag","embeddable":true,"href":"https:\/\/alpine-world.com\/shop\/fr\/wp-json\/wp\/v2\/product_tag?post=103752"}],"curies":[{"name":"wp","href":"https:\/\/api.w.org\/{rel}","templated":true}]}}